{"id":1140,"date":"2022-04-01T10:54:06","date_gmt":"2022-04-01T10:54:06","guid":{"rendered":"https:\/\/corfuluxuryvillas.com\/nearby-beaches\/"},"modified":"2022-05-26T10:51:16","modified_gmt":"2022-05-26T10:51:16","slug":"nearby-beaches","status":"publish","type":"page","link":"https:\/\/corfuluxuryvillas.com\/it\/nearby-beaches\/","title":{"rendered":"Spiagge vicine"},"content":{"rendered":"<div  class=\"tatsu-fqoz10ibeu98fm0n tatsu-section  filox_section_padding  tatsu-clearfix\" data-title=\"\"  data-headerscheme=\"background--dark\"><div class='tatsu-section-pad clearfix' data-padding='{\"d\":\"0px 0px 0px 0px\"}' data-padding-top='0px'><div class=\"tatsu-row-wrap  tatsu-wrap tatsu-row-one-col tatsu-row-has-one-cols tatsu-medium-gutter tatsu-reg-cols  tatsu-clearfix tatsu-rkxV-wC575\" ><div  class=\"tatsu-row \" ><div  class=\"tatsu-column  tatsu-bg-overlay tatsu-one-col tatsu-column-image-none tatsu-column-effect-none  tatsu-H14ZDAc7q\"  data-parallax-speed=\"0\" style=\"\"><div class=\"tatsu-column-inner \" ><div class=\"tatsu-column-pad-wrap\"><div class=\"tatsu-column-pad\" ><div  class=\"tatsu-module tatsu-text-block-wrap tatsu-HJvbPR9m9  \"><div class=\"tatsu-text-inner tatsu-align-center  clearfix\" ><style>.tatsu-HJvbPR9m9.tatsu-text-block-wrap .tatsu-text-inner{width: 100%;text-align: left;}<\/style>\n<p class=\"p1\" style=\"text-align: center;\"><span class=\"s1\">La costa orientale offre acque tranquille per nuotare e profondit\u00e0 che sono gratificanti da esplorare.<br \/>\nIl nord-est della costa \u00e8 famoso per le sue acque limpide.<\/span><\/p>\n<\/div><\/div><\/div><\/div><div class = \"tatsu-column-bg-image-wrap\"><div class = \"tatsu-column-bg-image\" ><\/div><\/div><div class=\"tatsu-overlay tatsu-column-overlay tatsu-animate-none\" ><\/div><\/div><style>.tatsu-row > .tatsu-H14ZDAc7q.tatsu-column{width: 100%;}.tatsu-H14ZDAc7q.tatsu-column > .tatsu-column-inner > .tatsu-column-overlay{mix-blend-mode: normal;}.tatsu-H14ZDAc7q > .tatsu-column-inner > .tatsu-top-divider{z-index: 9999;}.tatsu-H14ZDAc7q > .tatsu-column-inner > .tatsu-bottom-divider{z-index: 9999;}.tatsu-H14ZDAc7q > .tatsu-column-inner > .tatsu-left-divider{z-index: 9999;}.tatsu-H14ZDAc7q > .tatsu-column-inner > .tatsu-right-divider{z-index: 9999;}@media only screen and (max-width:1377px) {.tatsu-row > .tatsu-H14ZDAc7q.tatsu-column{width: 100%;}}@media only screen and (min-width:768px) and (max-width: 1024px) {.tatsu-row > .tatsu-H14ZDAc7q.tatsu-column{width: 100%;}}@media only screen and (max-width: 767px) {.tatsu-row > .tatsu-H14ZDAc7q.tatsu-column{width: 100%;}}<\/style><\/div><\/div><\/div><div class=\"tatsu-row-wrap  tatsu-wrap tatsu-row-has-one-half tatsu-row-has-two-cols tatsu-medium-gutter tatsu-reg-cols  tatsu-clearfix tatsu-fqoz10ibr47vse99\" ><div  class=\"tatsu-row \" ><div  class=\"tatsu-column  tatsu-column-no-bg tatsu-one-half tatsu-column-image-none tatsu-column-effect-none  tatsu-fqoz10ibrrbi6nan\"  data-parallax-speed=\"0\" style=\"\"><div class=\"tatsu-column-inner \" ><div class=\"tatsu-column-pad-wrap\"><div class=\"tatsu-column-pad\" ><div  class=\"tatsu-module tatsu-text-block-wrap tatsu-Syp2igIbr  \"><div class=\"tatsu-text-inner tatsu-align-center  clearfix\" ><style>.tatsu-Syp2igIbr.tatsu-text-block-wrap .tatsu-text-inner{width: 100%;text-align: left;}<\/style>\n<p><strong>GLYFA: <\/strong>Una spiaggia tranquilla tra Barbati e Nissaki. Un bel posto per godere una nuotata tranquilla e una cena romantica con vista sul mare con citt\u00e0 di Corf\u00f9 sul lontano orizzonte.<\/p>\n<p><strong>BARBATI<\/strong>: Barbati \u00e8 una delle spiagge pi\u00f9 frequentate di Corf\u00f9, in quanto \u00e8 lunga, sabbiosa e riparata dai venti.\u2028Barbati \u00e8 una spiaggia con bandiera blu, offer sport acquatici e noleggio di imbarcazioni.<\/p>\n<p><strong>IPSOS<\/strong>: Ipsos \u00e8 una lunga spiaggia con bandiera blu.\u2028E \u2018una delle spiagge pi\u00f9 frequentate di Corf\u00f9, che offre sport acquatici e una vasta selezione di ristoranti.<\/p>\n<p><strong>NISSAKI<\/strong>: Ai piedi del Monte Pantokrator si trova Nissaki, una bella spiaggia che \u00e8 stata insignita della bandiera blu per la sua pulizia.\u2028Sulla spiaggia ci sono strutture di noleggio di barche, mentre nelle vicinanze si travano parecchie taverne.<\/p>\n<p><strong>KAMINAKI<\/strong>: Kaminaki \u00e8 una spiaggia tranquilla e appartata, sul lato nord-orientale di Corf\u00f9.\u2028Offre alcuni servizi, come sport acquatici, un molo e diverse taverne.<\/p>\n<p><strong>AGNI<\/strong>: Agni \u00e8 una spiaggia di ciottoli che offre ai bagnanti quiete e solitudine. Le acque approfondiscono abbastanza bruscamente, mentre la spiaggia pu\u00f2 essere raggiunta da una tortuosa strada in discesa. Ci sono un paio di taverne nella zona.<\/p>\n<\/div><\/div><\/div><\/div><div class = \"tatsu-column-bg-image-wrap\"><div class = \"tatsu-column-bg-image\" ><\/div><\/div><\/div><style>.tatsu-row > .tatsu-fqoz10ibrrbi6nan.tatsu-column{width: 50%;}.tatsu-fqoz10ibrrbi6nan.tatsu-column > .tatsu-column-inner > .tatsu-column-overlay{mix-blend-mode: none;}.tatsu-fqoz10ibrrbi6nan > .tatsu-column-inner > .tatsu-top-divider{z-index: 9999;}.tatsu-fqoz10ibrrbi6nan > .tatsu-column-inner > .tatsu-bottom-divider{z-index: 9999;}.tatsu-fqoz10ibrrbi6nan > .tatsu-column-inner > .tatsu-left-divider{z-index: 9999;}.tatsu-fqoz10ibrrbi6nan > .tatsu-column-inner > .tatsu-right-divider{z-index: 9999;}@media only screen and (max-width: 767px) {.tatsu-row > .tatsu-fqoz10ibrrbi6nan.tatsu-column{width: 100%;}}<\/style><\/div><div  class=\"tatsu-column  tatsu-column-no-bg tatsu-one-half tatsu-column-image-none tatsu-column-effect-none  tatsu-fqoz10ibxkexrxo4\"  data-parallax-speed=\"0\" style=\"\"><div class=\"tatsu-column-inner \" ><div class=\"tatsu-column-pad-wrap\"><div class=\"tatsu-column-pad\" ><div  class=\"tatsu-module tatsu-text-block-wrap tatsu-HJRhCgLWS  \"><div class=\"tatsu-text-inner tatsu-align-center  clearfix\" ><style>.tatsu-HJRhCgLWS.tatsu-text-block-wrap .tatsu-text-inner{width: 100%;text-align: left;}<\/style>\n<p><strong>KALAMI<\/strong>: La spiaggia di sabbia e ghiaia di Kalami, \u00e8 il luogo ideale per i visitatori che desiderano rilassarsi su una spiaggia tranquilla. Le sue acque sono poco profonde, rendendola perfetta per famiglie con bambini piccoli. Potete trovare un paio di taverne nella zona. E \u2018qui che Lawrence Durrell ha scritto il suo libro \u201cProspero\u2019s Cell\u201d.<\/p>\n<p><strong>KOULOURA<\/strong>: \u00c8 un affascinante porto circolare, ancora totalmente incontaminato e tranquillo. E\u2019 il luogo perfetto per rilassarsi.<\/p>\n<p><strong>KERASIA<\/strong>: \u00c8 un lungo tratto di spiaggia incontaminata. Ci sono alcune taverne.<\/p>\n<p><strong>AGIOS STEFANOS<\/strong>: In questa spiaggia ci sono molti posti per noleggio di barca, per tutti coloro che desiderano esplorare l\u2019isola. Agios Stefanos offre lettini, ombrelloni e strutture per sport acquatici.\u2028Questo grazioso porto-villaggio ofre una buona gamma di taverne e bar.<\/p>\n<p><strong>AVLAKI<\/strong>: Un\u2019 ampia baia con una piacevole taverna sulla spiaggia ed una scuola di vela.<\/p>\n<p><strong>KASSIOPI<\/strong>: E\u2019 una delle spiagge piu\u2019 cosmopolita di Corf\u00f9. Si trova sotto il Monte. Pantokrator, ed offre splendide viste. A Kassiopi, ci sono molte taverne, caff\u00e8 e bar sulla spiaggia.<\/p>\n<\/div><\/div><\/div><\/div><div class = \"tatsu-column-bg-image-wrap\"><div class = \"tatsu-column-bg-image\" ><\/div><\/div><\/div><style>.tatsu-row > .tatsu-fqoz10ibxkexrxo4.tatsu-column{width: 50%;}.tatsu-fqoz10ibxkexrxo4.tatsu-column > .tatsu-column-inner > .tatsu-column-overlay{mix-blend-mode: none;}.tatsu-fqoz10ibxkexrxo4 > .tatsu-column-inner > .tatsu-top-divider{z-index: 9999;}.tatsu-fqoz10ibxkexrxo4 > .tatsu-column-inner > .tatsu-bottom-divider{z-index: 9999;}.tatsu-fqoz10ibxkexrxo4 > .tatsu-column-inner > .tatsu-left-divider{z-index: 9999;}.tatsu-fqoz10ibxkexrxo4 > .tatsu-column-inner > .tatsu-right-divider{z-index: 9999;}@media only screen and (max-width: 767px) {.tatsu-row > .tatsu-fqoz10ibxkexrxo4.tatsu-column{width: 100%;}}<\/style><\/div><\/div><\/div><\/div><div class=\"tatsu-section-background-wrap\"><div class = \"tatsu-section-background\" ><\/div><\/div><style>.tatsu-fqoz10ibeu98fm0n > .tatsu-bottom-divider{z-index: 9999;}.tatsu-fqoz10ibeu98fm0n > .tatsu-top-divider{z-index: 9999;}<\/style><\/div>\n","protected":false},"excerpt":{"rendered":"<p><a href=\"https:\/\/corfuluxuryvillas.com\/it\/nearby-beaches\/\" class=\"more-link style1-button\">Read More<\/a><\/p>","protected":false},"author":4,"featured_media":911,"parent":0,"menu_order":0,"comment_status":"closed","ping_status":"closed","template":"","meta":[],"yoast_head":"<!-- This site is optimized with the Yoast SEO plugin v19.0 - https:\/\/yoast.com\/wordpress\/plugins\/seo\/ -->\n<title>Spiagge vicine | Corfu Luxury Villas | Collezione di ville di lusso a Corf\u00f9<\/title>\n<meta name=\"description\" content=\"Sfoglia un elenco delle spiagge pi\u00f9 famose di Corf\u00f9 e organizza il tuo soggiorno per vacanze indimenticabili. Scopri l&#039;acqua limpida e le spiagge scoscese.\" \/>\n<meta name=\"robots\" content=\"index, follow, max-snippet:-1, max-image-preview:large, max-video-preview:-1\" \/>\n<link rel=\"canonical\" href=\"https:\/\/corfuluxuryvillas.com\/it\/nearby-beaches\/\" \/>\n<meta property=\"og:locale\" content=\"it_IT\" \/>\n<meta property=\"og:type\" content=\"article\" \/>\n<meta property=\"og:title\" content=\"Spiagge vicine | Corfu Luxury Villas | Collezione di ville di lusso a Corf\u00f9\" \/>\n<meta property=\"og:description\" content=\"Sfoglia un elenco delle spiagge pi\u00f9 famose di Corf\u00f9 e organizza il tuo soggiorno per vacanze indimenticabili. Scopri l&#039;acqua limpida e le spiagge scoscese.\" \/>\n<meta property=\"og:url\" content=\"https:\/\/corfuluxuryvillas.com\/it\/nearby-beaches\/\" \/>\n<meta property=\"og:site_name\" content=\"Corfu Luxury Villas\" \/>\n<meta property=\"article:publisher\" content=\"https:\/\/www.facebook.com\/pages\/Corfu-Luxury-Villas\/695519493842386\" \/>\n<meta property=\"article:modified_time\" content=\"2022-05-26T10:51:16+00:00\" \/>\n<meta property=\"og:image\" content=\"https:\/\/corfuluxuryvillas.com\/web-assets\/uploads\/2022\/04\/corfu-luxury-villas-villa-bianca-slider.jpg\" \/>\n\t<meta property=\"og:image:width\" content=\"1920\" \/>\n\t<meta property=\"og:image:height\" content=\"1255\" \/>\n\t<meta property=\"og:image:type\" content=\"image\/jpeg\" \/>\n<meta name=\"twitter:card\" content=\"summary_large_image\" \/>\n<meta name=\"twitter:label1\" content=\"Tempo di lettura stimato\" \/>\n\t<meta name=\"twitter:data1\" content=\"9 minuti\" \/>\n<script type=\"application\/ld+json\" class=\"yoast-schema-graph\">{\"@context\":\"https:\/\/schema.org\",\"@graph\":[{\"@type\":\"Organization\",\"@id\":\"https:\/\/corfuluxuryvillas.com\/it\/#organization\",\"name\":\"Corfu Luxury VIllas\",\"url\":\"https:\/\/corfuluxuryvillas.com\/it\/\",\"sameAs\":[\"https:\/\/www.facebook.com\/pages\/Corfu-Luxury-Villas\/695519493842386\"],\"logo\":{\"@type\":\"ImageObject\",\"inLanguage\":\"it-IT\",\"@id\":\"https:\/\/corfuluxuryvillas.com\/it\/#\/schema\/logo\/image\/\",\"url\":\"https:\/\/corfuluxuryvillas.com\/web-assets\/uploads\/2022\/05\/corfu-luxury-villas-logo-01.png\",\"contentUrl\":\"https:\/\/corfuluxuryvillas.com\/web-assets\/uploads\/2022\/05\/corfu-luxury-villas-logo-01.png\",\"width\":292,\"height\":75,\"caption\":\"Corfu Luxury VIllas\"},\"image\":{\"@id\":\"https:\/\/corfuluxuryvillas.com\/it\/#\/schema\/logo\/image\/\"}},{\"@type\":\"WebSite\",\"@id\":\"https:\/\/corfuluxuryvillas.com\/it\/#website\",\"url\":\"https:\/\/corfuluxuryvillas.com\/it\/\",\"name\":\"Corfu Luxury Villas\",\"description\":\"Collezione di ville di lusso a Corf\u00f9\",\"publisher\":{\"@id\":\"https:\/\/corfuluxuryvillas.com\/it\/#organization\"},\"potentialAction\":[{\"@type\":\"SearchAction\",\"target\":{\"@type\":\"EntryPoint\",\"urlTemplate\":\"https:\/\/corfuluxuryvillas.com\/it\/?s={search_term_string}\"},\"query-input\":\"required name=search_term_string\"}],\"inLanguage\":\"it-IT\"},{\"@type\":\"ImageObject\",\"inLanguage\":\"it-IT\",\"@id\":\"https:\/\/corfuluxuryvillas.com\/it\/nearby-beaches\/#primaryimage\",\"url\":\"https:\/\/corfuluxuryvillas.com\/web-assets\/uploads\/2022\/04\/corfu-luxury-villas-villa-bianca-slider.jpg\",\"contentUrl\":\"https:\/\/corfuluxuryvillas.com\/web-assets\/uploads\/2022\/04\/corfu-luxury-villas-villa-bianca-slider.jpg\",\"width\":1920,\"height\":1255},{\"@type\":\"WebPage\",\"@id\":\"https:\/\/corfuluxuryvillas.com\/it\/nearby-beaches\/#webpage\",\"url\":\"https:\/\/corfuluxuryvillas.com\/it\/nearby-beaches\/\",\"name\":\"Spiagge vicine | Corfu Luxury Villas | Collezione di ville di lusso a Corf\u00f9\",\"isPartOf\":{\"@id\":\"https:\/\/corfuluxuryvillas.com\/it\/#website\"},\"primaryImageOfPage\":{\"@id\":\"https:\/\/corfuluxuryvillas.com\/it\/nearby-beaches\/#primaryimage\"},\"datePublished\":\"2022-04-01T10:54:06+00:00\",\"dateModified\":\"2022-05-26T10:51:16+00:00\",\"description\":\"Sfoglia un elenco delle spiagge pi\u00f9 famose di Corf\u00f9 e organizza il tuo soggiorno per vacanze indimenticabili. Scopri l'acqua limpida e le spiagge scoscese.\",\"breadcrumb\":{\"@id\":\"https:\/\/corfuluxuryvillas.com\/it\/nearby-beaches\/#breadcrumb\"},\"inLanguage\":\"it-IT\",\"potentialAction\":[{\"@type\":\"ReadAction\",\"target\":[\"https:\/\/corfuluxuryvillas.com\/it\/nearby-beaches\/\"]}]},{\"@type\":\"BreadcrumbList\",\"@id\":\"https:\/\/corfuluxuryvillas.com\/it\/nearby-beaches\/#breadcrumb\",\"itemListElement\":[{\"@type\":\"ListItem\",\"position\":1,\"name\":\"Home\",\"item\":\"https:\/\/corfuluxuryvillas.com\/it\/\"},{\"@type\":\"ListItem\",\"position\":2,\"name\":\"Spiagge vicine\"}]}]}<\/script>\n<!-- \/ Yoast SEO plugin. -->","yoast_head_json":{"title":"Spiagge vicine | Corfu Luxury Villas | Collezione di ville di lusso a Corf\u00f9","description":"Sfoglia un elenco delle spiagge pi\u00f9 famose di Corf\u00f9 e organizza il tuo soggiorno per vacanze indimenticabili. Scopri l'acqua limpida e le spiagge scoscese.","robots":{"index":"index","follow":"follow","max-snippet":"max-snippet:-1","max-image-preview":"max-image-preview:large","max-video-preview":"max-video-preview:-1"},"canonical":"https:\/\/corfuluxuryvillas.com\/it\/nearby-beaches\/","og_locale":"it_IT","og_type":"article","og_title":"Spiagge vicine | Corfu Luxury Villas | Collezione di ville di lusso a Corf\u00f9","og_description":"Sfoglia un elenco delle spiagge pi\u00f9 famose di Corf\u00f9 e organizza il tuo soggiorno per vacanze indimenticabili. Scopri l'acqua limpida e le spiagge scoscese.","og_url":"https:\/\/corfuluxuryvillas.com\/it\/nearby-beaches\/","og_site_name":"Corfu Luxury Villas","article_publisher":"https:\/\/www.facebook.com\/pages\/Corfu-Luxury-Villas\/695519493842386","article_modified_time":"2022-05-26T10:51:16+00:00","og_image":[{"width":1920,"height":1255,"url":"https:\/\/corfuluxuryvillas.com\/web-assets\/uploads\/2022\/04\/corfu-luxury-villas-villa-bianca-slider.jpg","type":"image\/jpeg"}],"twitter_card":"summary_large_image","twitter_misc":{"Tempo di lettura stimato":"9 minuti"},"schema":{"@context":"https:\/\/schema.org","@graph":[{"@type":"Organization","@id":"https:\/\/corfuluxuryvillas.com\/it\/#organization","name":"Corfu Luxury VIllas","url":"https:\/\/corfuluxuryvillas.com\/it\/","sameAs":["https:\/\/www.facebook.com\/pages\/Corfu-Luxury-Villas\/695519493842386"],"logo":{"@type":"ImageObject","inLanguage":"it-IT","@id":"https:\/\/corfuluxuryvillas.com\/it\/#\/schema\/logo\/image\/","url":"https:\/\/corfuluxuryvillas.com\/web-assets\/uploads\/2022\/05\/corfu-luxury-villas-logo-01.png","contentUrl":"https:\/\/corfuluxuryvillas.com\/web-assets\/uploads\/2022\/05\/corfu-luxury-villas-logo-01.png","width":292,"height":75,"caption":"Corfu Luxury VIllas"},"image":{"@id":"https:\/\/corfuluxuryvillas.com\/it\/#\/schema\/logo\/image\/"}},{"@type":"WebSite","@id":"https:\/\/corfuluxuryvillas.com\/it\/#website","url":"https:\/\/corfuluxuryvillas.com\/it\/","name":"Corfu Luxury Villas","description":"Collezione di ville di lusso a Corf\u00f9","publisher":{"@id":"https:\/\/corfuluxuryvillas.com\/it\/#organization"},"potentialAction":[{"@type":"SearchAction","target":{"@type":"EntryPoint","urlTemplate":"https:\/\/corfuluxuryvillas.com\/it\/?s={search_term_string}"},"query-input":"required name=search_term_string"}],"inLanguage":"it-IT"},{"@type":"ImageObject","inLanguage":"it-IT","@id":"https:\/\/corfuluxuryvillas.com\/it\/nearby-beaches\/#primaryimage","url":"https:\/\/corfuluxuryvillas.com\/web-assets\/uploads\/2022\/04\/corfu-luxury-villas-villa-bianca-slider.jpg","contentUrl":"https:\/\/corfuluxuryvillas.com\/web-assets\/uploads\/2022\/04\/corfu-luxury-villas-villa-bianca-slider.jpg","width":1920,"height":1255},{"@type":"WebPage","@id":"https:\/\/corfuluxuryvillas.com\/it\/nearby-beaches\/#webpage","url":"https:\/\/corfuluxuryvillas.com\/it\/nearby-beaches\/","name":"Spiagge vicine | Corfu Luxury Villas | Collezione di ville di lusso a Corf\u00f9","isPartOf":{"@id":"https:\/\/corfuluxuryvillas.com\/it\/#website"},"primaryImageOfPage":{"@id":"https:\/\/corfuluxuryvillas.com\/it\/nearby-beaches\/#primaryimage"},"datePublished":"2022-04-01T10:54:06+00:00","dateModified":"2022-05-26T10:51:16+00:00","description":"Sfoglia un elenco delle spiagge pi\u00f9 famose di Corf\u00f9 e organizza il tuo soggiorno per vacanze indimenticabili. Scopri l'acqua limpida e le spiagge scoscese.","breadcrumb":{"@id":"https:\/\/corfuluxuryvillas.com\/it\/nearby-beaches\/#breadcrumb"},"inLanguage":"it-IT","potentialAction":[{"@type":"ReadAction","target":["https:\/\/corfuluxuryvillas.com\/it\/nearby-beaches\/"]}]},{"@type":"BreadcrumbList","@id":"https:\/\/corfuluxuryvillas.com\/it\/nearby-beaches\/#breadcrumb","itemListElement":[{"@type":"ListItem","position":1,"name":"Home","item":"https:\/\/corfuluxuryvillas.com\/it\/"},{"@type":"ListItem","position":2,"name":"Spiagge vicine"}]}]}},"_links":{"self":[{"href":"https:\/\/corfuluxuryvillas.com\/it\/wp-json\/wp\/v2\/pages\/1140"}],"collection":[{"href":"https:\/\/corfuluxuryvillas.com\/it\/wp-json\/wp\/v2\/pages"}],"about":[{"href":"https:\/\/corfuluxuryvillas.com\/it\/wp-json\/wp\/v2\/types\/page"}],"author":[{"embeddable":true,"href":"https:\/\/corfuluxuryvillas.com\/it\/wp-json\/wp\/v2\/users\/4"}],"replies":[{"embeddable":true,"href":"https:\/\/corfuluxuryvillas.com\/it\/wp-json\/wp\/v2\/comments?post=1140"}],"version-history":[{"count":4,"href":"https:\/\/corfuluxuryvillas.com\/it\/wp-json\/wp\/v2\/pages\/1140\/revisions"}],"predecessor-version":[{"id":1499,"href":"https:\/\/corfuluxuryvillas.com\/it\/wp-json\/wp\/v2\/pages\/1140\/revisions\/1499"}],"wp:featuredmedia":[{"embeddable":true,"href":"https:\/\/corfuluxuryvillas.com\/it\/wp-json\/wp\/v2\/media\/911"}],"wp:attachment":[{"href":"https:\/\/corfuluxuryvillas.com\/it\/wp-json\/wp\/v2\/media?parent=1140"}],"curies":[{"name":"wp","href":"https:\/\/api.w.org\/{rel}","templated":true}]}}