{"id":1136,"date":"2022-04-01T11:21:35","date_gmt":"2022-04-01T11:21:35","guid":{"rendered":"https:\/\/corfuluxuryvillas.com\/museums-libraries\/"},"modified":"2022-05-26T10:48:15","modified_gmt":"2022-05-26T10:48:15","slug":"museums-libraries","status":"publish","type":"page","link":"https:\/\/corfuluxuryvillas.com\/it\/museums-libraries\/","title":{"rendered":"Musei e biblioteche"},"content":{"rendered":"<div  class=\"tatsu-fqoz10ibeu98fm0n tatsu-section  filox_section_padding  tatsu-clearfix\" data-title=\"\"  data-headerscheme=\"background--dark\"><div class='tatsu-section-pad clearfix' data-padding='{\"d\":\"0px 0px 0px 0px\"}' data-padding-top='0px'><div class=\"tatsu-row-wrap  tatsu-wrap tatsu-row-one-col tatsu-row-has-one-cols tatsu-medium-gutter tatsu-reg-cols  tatsu-clearfix tatsu-fqoz10ibfve20dtj\" ><div  class=\"tatsu-row \" ><div  class=\"tatsu-column  tatsu-column-no-bg tatsu-one-col tatsu-column-image-none tatsu-column-effect-none  tatsu-fqoz10ibgem3c7z\"  data-parallax-speed=\"0\" style=\"\"><div class=\"tatsu-column-inner \" ><div class=\"tatsu-column-pad-wrap\"><div class=\"tatsu-column-pad\" ><div  class=\"tatsu-module tatsu-text-block-wrap tatsu-SJijEOoeH  \"><div class=\"tatsu-text-inner tatsu-align-center  clearfix\" ><style>.tatsu-SJijEOoeH.tatsu-text-block-wrap .tatsu-text-inner{width: 100%;text-align: left;}<\/style>\n<p style=\"text-align: center;\">Corf\u00f9 \u00e8 sempre stata un centro culturale di distinzione. I pi\u00f9 notevoli dei musei dell\u2019isola e le librerie si trovano nel centro storico della citt\u00e0 di Corf\u00f9.<\/p>\n<\/div><\/div><\/div><\/div><div class = \"tatsu-column-bg-image-wrap\"><div class = \"tatsu-column-bg-image\" ><\/div><\/div><\/div><style>.tatsu-row > .tatsu-fqoz10ibgem3c7z.tatsu-column{width: 100%;}.tatsu-fqoz10ibgem3c7z.tatsu-column > .tatsu-column-inner > .tatsu-column-overlay{mix-blend-mode: none;}.tatsu-fqoz10ibgem3c7z > .tatsu-column-inner > .tatsu-top-divider{z-index: 9999;}.tatsu-fqoz10ibgem3c7z > .tatsu-column-inner > .tatsu-bottom-divider{z-index: 9999;}.tatsu-fqoz10ibgem3c7z > .tatsu-column-inner > .tatsu-left-divider{z-index: 9999;}.tatsu-fqoz10ibgem3c7z > .tatsu-column-inner > .tatsu-right-divider{z-index: 9999;}<\/style><\/div><\/div><\/div><div class=\"tatsu-row-wrap  tatsu-wrap tatsu-row-has-one-half tatsu-row-has-two-cols tatsu-medium-gutter tatsu-reg-cols  tatsu-clearfix tatsu-fqoz10ibr47vse99\" ><div  class=\"tatsu-row \" ><div  class=\"tatsu-column  tatsu-column-no-bg tatsu-one-half tatsu-column-image-none tatsu-column-effect-none  tatsu-fqoz10ibrrbi6nan\"  data-parallax-speed=\"0\" style=\"\"><div class=\"tatsu-column-inner \" ><div class=\"tatsu-column-pad-wrap\"><div class=\"tatsu-column-pad\" ><div  class=\"tatsu-module tatsu-text-block-wrap tatsu-Syp2igIbr  \"><div class=\"tatsu-text-inner tatsu-align-center  clearfix\" ><style>.tatsu-Syp2igIbr.tatsu-text-block-wrap .tatsu-text-inner{width: 100%;text-align: left;}<\/style>\n<p><strong>Il Museo Archeologico<\/strong>,ospita un interessante ed estesa collezione, mostrando chiaramente il ricchissimo patrimonio archeologico di Corf\u00f9. Il reperto pi\u00f9 imponente \u00e8 l\u2019enorme scultura di Gorgone Medusa, risalente al 6 \u00b0 secolo aC.<\/p>\n<p><strong>Museo di Paleopolis<\/strong> risiede su Kanoni, all\u2019interno della residenza della tenuta Mon Repos. Mostra reperti dell\u2019antica citt\u00e0 di Corf\u00f9 e ampi giardini che ospitano 2 templi dorici.<\/p>\n<p><strong>Museo Bizantino di Antivouniotissa<\/strong>, una chiesa del 15 \u00b0 secolo trasformata in un museo con rara arte bizantina.<\/p>\n<p><strong>Museo di arte asiatica di Corf\u00f9<\/strong> si trova nel Palazzo di San Michele e San Giorgio. Ospita pi\u00f9 di 10000 pezzi, tra cui porcellane da Cina e Giappone, insieme a bronzi, dipinti e sculture.<\/p>\n<\/div><\/div><\/div><\/div><div class = \"tatsu-column-bg-image-wrap\"><div class = \"tatsu-column-bg-image\" ><\/div><\/div><\/div><style>.tatsu-row > .tatsu-fqoz10ibrrbi6nan.tatsu-column{width: 50%;}.tatsu-fqoz10ibrrbi6nan.tatsu-column > .tatsu-column-inner > .tatsu-column-overlay{mix-blend-mode: none;}.tatsu-fqoz10ibrrbi6nan > .tatsu-column-inner > .tatsu-top-divider{z-index: 9999;}.tatsu-fqoz10ibrrbi6nan > .tatsu-column-inner > .tatsu-bottom-divider{z-index: 9999;}.tatsu-fqoz10ibrrbi6nan > .tatsu-column-inner > .tatsu-left-divider{z-index: 9999;}.tatsu-fqoz10ibrrbi6nan > .tatsu-column-inner > .tatsu-right-divider{z-index: 9999;}@media only screen and (max-width: 767px) {.tatsu-row > .tatsu-fqoz10ibrrbi6nan.tatsu-column{width: 100%;}}<\/style><\/div><div  class=\"tatsu-column  tatsu-column-no-bg tatsu-one-half tatsu-column-image-none tatsu-column-effect-none  tatsu-fqoz10ibxkexrxo4\"  data-parallax-speed=\"0\" style=\"\"><div class=\"tatsu-column-inner \" ><div class=\"tatsu-column-pad-wrap\"><div class=\"tatsu-column-pad\" ><div  class=\"tatsu-module tatsu-text-block-wrap tatsu-HJRhCgLWS  \"><div class=\"tatsu-text-inner tatsu-align-center  clearfix\" ><style>.tatsu-HJRhCgLWS.tatsu-text-block-wrap .tatsu-text-inner{width: 100%;text-align: left;}<\/style>\n<p><strong>Pinacoteca Comunale<\/strong> situata nel Palazzo di San Michele e San Giorgio, contiene una collezione di opere d\u2019arte create da pittori di Corf\u00f9.<\/p>\n<p><strong>Museo di Banconote<\/strong>, situato in piazza di Aghios Spyridon, presenta una collezione completa di banconote Greci, dall\u2019 indipendenza fino l\u2019adozione dell\u2019euro nel 2002..<\/p>\n<p><strong>Solomos Museum<\/strong> e la Societ\u00e0 di Studi Corfioti. Entrambi situati nella casa dove il poeta nazionale di Grecia, viveva una volta<\/p>\n<p><strong>La Societ\u00e0 di Lettura<\/strong> di Corf\u00f9 ha una vasta biblioteca di vecchi manoscritti e libri rari.<\/p>\n<p><strong>Museo dei Serbi a Corf\u00f9<\/strong> ospita reperti rari sul destino tragico dei soldati Serbi durante la prima guerra mondiale.<\/p>\n<\/div><\/div><\/div><\/div><div class = \"tatsu-column-bg-image-wrap\"><div class = \"tatsu-column-bg-image\" ><\/div><\/div><\/div><style>.tatsu-row > .tatsu-fqoz10ibxkexrxo4.tatsu-column{width: 50%;}.tatsu-fqoz10ibxkexrxo4.tatsu-column > .tatsu-column-inner > .tatsu-column-overlay{mix-blend-mode: none;}.tatsu-fqoz10ibxkexrxo4 > .tatsu-column-inner > .tatsu-top-divider{z-index: 9999;}.tatsu-fqoz10ibxkexrxo4 > .tatsu-column-inner > .tatsu-bottom-divider{z-index: 9999;}.tatsu-fqoz10ibxkexrxo4 > .tatsu-column-inner > .tatsu-left-divider{z-index: 9999;}.tatsu-fqoz10ibxkexrxo4 > .tatsu-column-inner > .tatsu-right-divider{z-index: 9999;}@media only screen and (max-width: 767px) {.tatsu-row > .tatsu-fqoz10ibxkexrxo4.tatsu-column{width: 100%;}}<\/style><\/div><\/div><\/div><\/div><div class=\"tatsu-section-background-wrap\"><div class = \"tatsu-section-background\" ><\/div><\/div><style>.tatsu-fqoz10ibeu98fm0n > .tatsu-bottom-divider{z-index: 9999;}.tatsu-fqoz10ibeu98fm0n > .tatsu-top-divider{z-index: 9999;}<\/style><\/div>\n","protected":false},"excerpt":{"rendered":"<p><a href=\"https:\/\/corfuluxuryvillas.com\/it\/museums-libraries\/\" class=\"more-link style1-button\">Read More<\/a><\/p>","protected":false},"author":4,"featured_media":1129,"parent":0,"menu_order":0,"comment_status":"closed","ping_status":"closed","template":"","meta":[],"yoast_head":"<!-- This site is optimized with the Yoast SEO plugin v19.0 - https:\/\/yoast.com\/wordpress\/plugins\/seo\/ -->\n<title>Musei e biblioteche | Corfu Luxury Villas | Collezione di ville di lusso a Corf\u00f9<\/title>\n<meta name=\"description\" content=\"Corf\u00f9 \u00e8 sempre stata un centro culturale di distinzione. Il pi\u00f9 notevole dei musei e delle biblioteche dell&#039;isola si trova nel centro di Corf\u00f9.\" \/>\n<meta name=\"robots\" content=\"index, follow, max-snippet:-1, max-image-preview:large, max-video-preview:-1\" \/>\n<link rel=\"canonical\" href=\"https:\/\/corfuluxuryvillas.com\/it\/museums-libraries\/\" \/>\n<meta property=\"og:locale\" content=\"it_IT\" \/>\n<meta property=\"og:type\" content=\"article\" \/>\n<meta property=\"og:title\" content=\"Musei e biblioteche | Corfu Luxury Villas | Collezione di ville di lusso a Corf\u00f9\" \/>\n<meta property=\"og:description\" content=\"Corf\u00f9 \u00e8 sempre stata un centro culturale di distinzione. Il pi\u00f9 notevole dei musei e delle biblioteche dell&#039;isola si trova nel centro di Corf\u00f9.\" \/>\n<meta property=\"og:url\" content=\"https:\/\/corfuluxuryvillas.com\/it\/museums-libraries\/\" \/>\n<meta property=\"og:site_name\" content=\"Corfu Luxury Villas\" \/>\n<meta property=\"article:publisher\" content=\"https:\/\/www.facebook.com\/pages\/Corfu-Luxury-Villas\/695519493842386\" \/>\n<meta property=\"article:modified_time\" content=\"2022-05-26T10:48:15+00:00\" \/>\n<meta property=\"og:image\" content=\"https:\/\/corfuluxuryvillas.com\/web-assets\/uploads\/2022\/04\/corfu-barbati-beach-seafront-villas-easter-museums.jpeg\" \/>\n\t<meta property=\"og:image:width\" content=\"2000\" \/>\n\t<meta property=\"og:image:height\" content=\"665\" \/>\n\t<meta property=\"og:image:type\" content=\"image\/jpeg\" \/>\n<meta name=\"twitter:card\" content=\"summary_large_image\" \/>\n<meta name=\"twitter:label1\" content=\"Tempo di lettura stimato\" \/>\n\t<meta name=\"twitter:data1\" content=\"8 minuti\" \/>\n<script type=\"application\/ld+json\" class=\"yoast-schema-graph\">{\"@context\":\"https:\/\/schema.org\",\"@graph\":[{\"@type\":\"Organization\",\"@id\":\"https:\/\/corfuluxuryvillas.com\/it\/#organization\",\"name\":\"Corfu Luxury VIllas\",\"url\":\"https:\/\/corfuluxuryvillas.com\/it\/\",\"sameAs\":[\"https:\/\/www.facebook.com\/pages\/Corfu-Luxury-Villas\/695519493842386\"],\"logo\":{\"@type\":\"ImageObject\",\"inLanguage\":\"it-IT\",\"@id\":\"https:\/\/corfuluxuryvillas.com\/it\/#\/schema\/logo\/image\/\",\"url\":\"https:\/\/corfuluxuryvillas.com\/web-assets\/uploads\/2022\/05\/corfu-luxury-villas-logo-01.png\",\"contentUrl\":\"https:\/\/corfuluxuryvillas.com\/web-assets\/uploads\/2022\/05\/corfu-luxury-villas-logo-01.png\",\"width\":292,\"height\":75,\"caption\":\"Corfu Luxury VIllas\"},\"image\":{\"@id\":\"https:\/\/corfuluxuryvillas.com\/it\/#\/schema\/logo\/image\/\"}},{\"@type\":\"WebSite\",\"@id\":\"https:\/\/corfuluxuryvillas.com\/it\/#website\",\"url\":\"https:\/\/corfuluxuryvillas.com\/it\/\",\"name\":\"Corfu Luxury Villas\",\"description\":\"Collezione di ville di lusso a Corf\u00f9\",\"publisher\":{\"@id\":\"https:\/\/corfuluxuryvillas.com\/it\/#organization\"},\"potentialAction\":[{\"@type\":\"SearchAction\",\"target\":{\"@type\":\"EntryPoint\",\"urlTemplate\":\"https:\/\/corfuluxuryvillas.com\/it\/?s={search_term_string}\"},\"query-input\":\"required name=search_term_string\"}],\"inLanguage\":\"it-IT\"},{\"@type\":\"ImageObject\",\"inLanguage\":\"it-IT\",\"@id\":\"https:\/\/corfuluxuryvillas.com\/it\/museums-libraries\/#primaryimage\",\"url\":\"https:\/\/corfuluxuryvillas.com\/web-assets\/uploads\/2022\/04\/corfu-barbati-beach-seafront-villas-easter-museums.jpeg\",\"contentUrl\":\"https:\/\/corfuluxuryvillas.com\/web-assets\/uploads\/2022\/04\/corfu-barbati-beach-seafront-villas-easter-museums.jpeg\",\"width\":2000,\"height\":665},{\"@type\":\"WebPage\",\"@id\":\"https:\/\/corfuluxuryvillas.com\/it\/museums-libraries\/#webpage\",\"url\":\"https:\/\/corfuluxuryvillas.com\/it\/museums-libraries\/\",\"name\":\"Musei e biblioteche | Corfu Luxury Villas | Collezione di ville di lusso a Corf\u00f9\",\"isPartOf\":{\"@id\":\"https:\/\/corfuluxuryvillas.com\/it\/#website\"},\"primaryImageOfPage\":{\"@id\":\"https:\/\/corfuluxuryvillas.com\/it\/museums-libraries\/#primaryimage\"},\"datePublished\":\"2022-04-01T11:21:35+00:00\",\"dateModified\":\"2022-05-26T10:48:15+00:00\",\"description\":\"Corf\u00f9 \u00e8 sempre stata un centro culturale di distinzione. Il pi\u00f9 notevole dei musei e delle biblioteche dell'isola si trova nel centro di Corf\u00f9.\",\"breadcrumb\":{\"@id\":\"https:\/\/corfuluxuryvillas.com\/it\/museums-libraries\/#breadcrumb\"},\"inLanguage\":\"it-IT\",\"potentialAction\":[{\"@type\":\"ReadAction\",\"target\":[\"https:\/\/corfuluxuryvillas.com\/it\/museums-libraries\/\"]}]},{\"@type\":\"BreadcrumbList\",\"@id\":\"https:\/\/corfuluxuryvillas.com\/it\/museums-libraries\/#breadcrumb\",\"itemListElement\":[{\"@type\":\"ListItem\",\"position\":1,\"name\":\"Home\",\"item\":\"https:\/\/corfuluxuryvillas.com\/it\/\"},{\"@type\":\"ListItem\",\"position\":2,\"name\":\"Musei e biblioteche\"}]}]}<\/script>\n<!-- \/ Yoast SEO plugin. -->","yoast_head_json":{"title":"Musei e biblioteche | Corfu Luxury Villas | Collezione di ville di lusso a Corf\u00f9","description":"Corf\u00f9 \u00e8 sempre stata un centro culturale di distinzione. Il pi\u00f9 notevole dei musei e delle biblioteche dell'isola si trova nel centro di Corf\u00f9.","robots":{"index":"index","follow":"follow","max-snippet":"max-snippet:-1","max-image-preview":"max-image-preview:large","max-video-preview":"max-video-preview:-1"},"canonical":"https:\/\/corfuluxuryvillas.com\/it\/museums-libraries\/","og_locale":"it_IT","og_type":"article","og_title":"Musei e biblioteche | Corfu Luxury Villas | Collezione di ville di lusso a Corf\u00f9","og_description":"Corf\u00f9 \u00e8 sempre stata un centro culturale di distinzione. Il pi\u00f9 notevole dei musei e delle biblioteche dell'isola si trova nel centro di Corf\u00f9.","og_url":"https:\/\/corfuluxuryvillas.com\/it\/museums-libraries\/","og_site_name":"Corfu Luxury Villas","article_publisher":"https:\/\/www.facebook.com\/pages\/Corfu-Luxury-Villas\/695519493842386","article_modified_time":"2022-05-26T10:48:15+00:00","og_image":[{"width":2000,"height":665,"url":"https:\/\/corfuluxuryvillas.com\/web-assets\/uploads\/2022\/04\/corfu-barbati-beach-seafront-villas-easter-museums.jpeg","type":"image\/jpeg"}],"twitter_card":"summary_large_image","twitter_misc":{"Tempo di lettura stimato":"8 minuti"},"schema":{"@context":"https:\/\/schema.org","@graph":[{"@type":"Organization","@id":"https:\/\/corfuluxuryvillas.com\/it\/#organization","name":"Corfu Luxury VIllas","url":"https:\/\/corfuluxuryvillas.com\/it\/","sameAs":["https:\/\/www.facebook.com\/pages\/Corfu-Luxury-Villas\/695519493842386"],"logo":{"@type":"ImageObject","inLanguage":"it-IT","@id":"https:\/\/corfuluxuryvillas.com\/it\/#\/schema\/logo\/image\/","url":"https:\/\/corfuluxuryvillas.com\/web-assets\/uploads\/2022\/05\/corfu-luxury-villas-logo-01.png","contentUrl":"https:\/\/corfuluxuryvillas.com\/web-assets\/uploads\/2022\/05\/corfu-luxury-villas-logo-01.png","width":292,"height":75,"caption":"Corfu Luxury VIllas"},"image":{"@id":"https:\/\/corfuluxuryvillas.com\/it\/#\/schema\/logo\/image\/"}},{"@type":"WebSite","@id":"https:\/\/corfuluxuryvillas.com\/it\/#website","url":"https:\/\/corfuluxuryvillas.com\/it\/","name":"Corfu Luxury Villas","description":"Collezione di ville di lusso a Corf\u00f9","publisher":{"@id":"https:\/\/corfuluxuryvillas.com\/it\/#organization"},"potentialAction":[{"@type":"SearchAction","target":{"@type":"EntryPoint","urlTemplate":"https:\/\/corfuluxuryvillas.com\/it\/?s={search_term_string}"},"query-input":"required name=search_term_string"}],"inLanguage":"it-IT"},{"@type":"ImageObject","inLanguage":"it-IT","@id":"https:\/\/corfuluxuryvillas.com\/it\/museums-libraries\/#primaryimage","url":"https:\/\/corfuluxuryvillas.com\/web-assets\/uploads\/2022\/04\/corfu-barbati-beach-seafront-villas-easter-museums.jpeg","contentUrl":"https:\/\/corfuluxuryvillas.com\/web-assets\/uploads\/2022\/04\/corfu-barbati-beach-seafront-villas-easter-museums.jpeg","width":2000,"height":665},{"@type":"WebPage","@id":"https:\/\/corfuluxuryvillas.com\/it\/museums-libraries\/#webpage","url":"https:\/\/corfuluxuryvillas.com\/it\/museums-libraries\/","name":"Musei e biblioteche | Corfu Luxury Villas | Collezione di ville di lusso a Corf\u00f9","isPartOf":{"@id":"https:\/\/corfuluxuryvillas.com\/it\/#website"},"primaryImageOfPage":{"@id":"https:\/\/corfuluxuryvillas.com\/it\/museums-libraries\/#primaryimage"},"datePublished":"2022-04-01T11:21:35+00:00","dateModified":"2022-05-26T10:48:15+00:00","description":"Corf\u00f9 \u00e8 sempre stata un centro culturale di distinzione. Il pi\u00f9 notevole dei musei e delle biblioteche dell'isola si trova nel centro di Corf\u00f9.","breadcrumb":{"@id":"https:\/\/corfuluxuryvillas.com\/it\/museums-libraries\/#breadcrumb"},"inLanguage":"it-IT","potentialAction":[{"@type":"ReadAction","target":["https:\/\/corfuluxuryvillas.com\/it\/museums-libraries\/"]}]},{"@type":"BreadcrumbList","@id":"https:\/\/corfuluxuryvillas.com\/it\/museums-libraries\/#breadcrumb","itemListElement":[{"@type":"ListItem","position":1,"name":"Home","item":"https:\/\/corfuluxuryvillas.com\/it\/"},{"@type":"ListItem","position":2,"name":"Musei e biblioteche"}]}]}},"_links":{"self":[{"href":"https:\/\/corfuluxuryvillas.com\/it\/wp-json\/wp\/v2\/pages\/1136"}],"collection":[{"href":"https:\/\/corfuluxuryvillas.com\/it\/wp-json\/wp\/v2\/pages"}],"about":[{"href":"https:\/\/corfuluxuryvillas.com\/it\/wp-json\/wp\/v2\/types\/page"}],"author":[{"embeddable":true,"href":"https:\/\/corfuluxuryvillas.com\/it\/wp-json\/wp\/v2\/users\/4"}],"replies":[{"embeddable":true,"href":"https:\/\/corfuluxuryvillas.com\/it\/wp-json\/wp\/v2\/comments?post=1136"}],"version-history":[{"count":2,"href":"https:\/\/corfuluxuryvillas.com\/it\/wp-json\/wp\/v2\/pages\/1136\/revisions"}],"predecessor-version":[{"id":1138,"href":"https:\/\/corfuluxuryvillas.com\/it\/wp-json\/wp\/v2\/pages\/1136\/revisions\/1138"}],"wp:featuredmedia":[{"embeddable":true,"href":"https:\/\/corfuluxuryvillas.com\/it\/wp-json\/wp\/v2\/media\/1129"}],"wp:attachment":[{"href":"https:\/\/corfuluxuryvillas.com\/it\/wp-json\/wp\/v2\/media?parent=1136"}],"curies":[{"name":"wp","href":"https:\/\/api.w.org\/{rel}","templated":true}]}}