{"id":1121,"date":"2022-04-01T11:23:37","date_gmt":"2022-04-01T11:23:37","guid":{"rendered":"https:\/\/corfuluxuryvillas.com\/corfu-festivals\/"},"modified":"2022-05-26T10:31:59","modified_gmt":"2022-05-26T10:31:59","slug":"corfu-festivals","status":"publish","type":"page","link":"https:\/\/corfuluxuryvillas.com\/it\/corfu-festivals\/","title":{"rendered":"Festival di Corfu"},"content":{"rendered":"<div  class=\"tatsu-fqoz10ibeu98fm0n tatsu-section  filox_section_padding  tatsu-clearfix\" data-title=\"\"  data-headerscheme=\"background--dark\"><div class='tatsu-section-pad clearfix' data-padding='{\"d\":\"0px 0px 0px 0px\"}' data-padding-top='0px'><div class=\"tatsu-row-wrap  tatsu-wrap tatsu-row-one-col tatsu-row-has-one-cols tatsu-medium-gutter tatsu-reg-cols  tatsu-clearfix tatsu-fqoz10ibr47vse99\" ><div  class=\"tatsu-row \" ><div  class=\"tatsu-column  tatsu-column-no-bg tatsu-one-col tatsu-column-image-none tatsu-column-effect-none  tatsu-fqoz10ibrrbi6nan\"  data-parallax-speed=\"0\" style=\"\"><div class=\"tatsu-column-inner \" ><div class=\"tatsu-column-pad-wrap\"><div class=\"tatsu-column-pad\" ><div  class=\"tatsu-module tatsu-text-block-wrap tatsu-Bksj8r0WB  \"><div class=\"tatsu-text-inner tatsu-align-center  clearfix\" ><style>.tatsu-Bksj8r0WB.tatsu-text-block-wrap .tatsu-text-inner{width: 100%;text-align: left;}<\/style>\n<p><ul><\/p>\n<li><strong>CARNIVALE<\/strong>: porta forti influenze dall\u2019 Italia.<\/li>\n<p><\/p>\n<li><strong>LE LITANIE DI SAN SPYRIDON<\/strong>: eseguite accompagnate da orchestre filarmoniche quattro volte all\u2019anno, nei giorni seguenti, quando si dice che il Santo Ptrone abbia miracolosamente liberato Corf\u00f9; dalla peste del 1629 (Domenica delle Palme), dalla fame nel 17 \u00b0 secolo ( Sabato Santo), dai turchi nel 1716 (11 agosto), e dalla colera nel 1673 (prima Domenica di Novembre).<\/li>\n<p>\n<\/ul>\n<\/p>\n<\/div><\/div><\/div><\/div><div class = \"tatsu-column-bg-image-wrap\"><div class = \"tatsu-column-bg-image\" ><\/div><\/div><\/div><style>.tatsu-row > .tatsu-fqoz10ibrrbi6nan.tatsu-column{width: 100%;}.tatsu-fqoz10ibrrbi6nan.tatsu-column > .tatsu-column-inner > .tatsu-column-overlay{mix-blend-mode: none;}.tatsu-fqoz10ibrrbi6nan > .tatsu-column-inner > .tatsu-top-divider{z-index: 9999;}.tatsu-fqoz10ibrrbi6nan > .tatsu-column-inner > .tatsu-bottom-divider{z-index: 9999;}.tatsu-fqoz10ibrrbi6nan > .tatsu-column-inner > .tatsu-left-divider{z-index: 9999;}.tatsu-fqoz10ibrrbi6nan > .tatsu-column-inner > .tatsu-right-divider{z-index: 9999;}@media only screen and (max-width:1377px) {.tatsu-row > .tatsu-fqoz10ibrrbi6nan.tatsu-column{width: 100%;}}@media only screen and (min-width:768px) and (max-width: 1024px) {.tatsu-row > .tatsu-fqoz10ibrrbi6nan.tatsu-column{width: 100%;}}@media only screen and (max-width: 767px) {.tatsu-row > .tatsu-fqoz10ibrrbi6nan.tatsu-column{width: 100%;}}<\/style><\/div><\/div><\/div><\/div><div class=\"tatsu-section-background-wrap\"><div class = \"tatsu-section-background\" ><\/div><\/div><style>.tatsu-fqoz10ibeu98fm0n > .tatsu-bottom-divider{z-index: 9999;}.tatsu-fqoz10ibeu98fm0n > .tatsu-top-divider{z-index: 9999;}<\/style><\/div><div  class=\"tatsu-SJZP0gzA-H tatsu-section  tatsu-bg-overlay   tatsu-clearfix\" data-title=\"\"  data-headerscheme=\"background--dark\"><div class='tatsu-section-pad clearfix' data-padding='{\"d\":\"0px 0px 50px 0px\"}' data-padding-top='0px'><div class=\"tatsu-row-wrap  tatsu-wrap tatsu-row-has-one-half tatsu-row-has-two-cols tatsu-medium-gutter tatsu-reg-cols  tatsu-clearfix tatsu-SyxD0xfAWH\" ><div  class=\"tatsu-row \" ><div  class=\"tatsu-column  tatsu-bg-overlay tatsu-one-half tatsu-column-image-none tatsu-column-effect-none  tatsu-H1K0ef0ZH\"  data-parallax-speed=\"0\" style=\"\"><div class=\"tatsu-column-inner \" ><div class=\"tatsu-column-pad-wrap\"><div class=\"tatsu-column-pad\" ><div  class=\"tatsu-single-image tatsu-module tatsu-image-lazyload tatsu-S1ZFwrCbB  \" ><div class=\"tatsu-single-image-inner \" style=\"width : 1200px;\" ><div class = \"tatsu-single-image-padding-wrap\" style = \"padding-bottom : 66.666666666667%;\" ><\/div><img class = \"tatsu-gradient-border\" alt = \"\" title = \"corfu-barbati-beach-seafront-villas-easter\" data-src = \"https:\/\/corfuluxuryvillas.com\/web-assets\/uploads\/2022\/04\/corfu-barbati-beach-seafront-villas-easter.jpeg\" src =\"data:image\/png;base64,iVBORw0KGgoAAAANSUhEUgAAAAEAAAABCAQAAAC1HAwCAAAAC0lEQVR42mNkYAAAAAYAAjCB0C8AAAAASUVORK5CYII=\"  \/><\/div><style>.tatsu-S1ZFwrCbB .tatsu-single-image-inner{border-style: solid;max-width: 100%;}.tatsu-S1ZFwrCbB.tatsu-single-image{transform: translate3d(0px,0px, 0);}<\/style><\/div><\/div><\/div><div class = \"tatsu-column-bg-image-wrap\"><div class = \"tatsu-column-bg-image\" ><\/div><\/div><div class=\"tatsu-overlay tatsu-column-overlay tatsu-animate-none\" ><\/div><\/div><style>.tatsu-row > .tatsu-H1K0ef0ZH.tatsu-column{width: 50%;}.tatsu-H1K0ef0ZH.tatsu-column > .tatsu-column-inner > .tatsu-column-overlay{mix-blend-mode: normal;}.tatsu-H1K0ef0ZH > .tatsu-column-inner > .tatsu-top-divider{z-index: 9999;}.tatsu-H1K0ef0ZH > .tatsu-column-inner > .tatsu-bottom-divider{z-index: 9999;}.tatsu-H1K0ef0ZH > .tatsu-column-inner > .tatsu-left-divider{z-index: 9999;}.tatsu-H1K0ef0ZH > .tatsu-column-inner > .tatsu-right-divider{z-index: 9999;}@media only screen and (max-width:1377px) {.tatsu-row > .tatsu-H1K0ef0ZH.tatsu-column{width: 50%;}}@media only screen and (min-width:768px) and (max-width: 1024px) {.tatsu-row > .tatsu-H1K0ef0ZH.tatsu-column{width: 50%;}}@media only screen and (max-width: 767px) {.tatsu-row > .tatsu-H1K0ef0ZH.tatsu-column{width: 100%;}}<\/style><\/div><div  class=\"tatsu-column  tatsu-bg-overlay tatsu-one-half tatsu-column-image-none tatsu-column-effect-none  tatsu-H1eFAxMRWH\"  data-parallax-speed=\"0\" style=\"\"><div class=\"tatsu-column-inner \" ><div class=\"tatsu-column-pad-wrap\"><div class=\"tatsu-column-pad\" ><div  class=\"tatsu-module tatsu-text-block-wrap tatsu-SJ5FvHAWH  \"><div class=\"tatsu-text-inner tatsu-align-center  clearfix\" ><style>.tatsu-SJ5FvHAWH.tatsu-text-block-wrap .tatsu-text-inner{width: 100%;text-align: left;}<\/style>\n<p><ul><\/p>\n<li><strong>PASQUA<\/strong>: si celebra in grande pompa, molto diversamente da qualsiasi altro luogo in Grecia!<br \/>\nLa Settimana Santa \u00e8 caratterizzata da funzioni religiose. La caratteristica singolare di Pasqua a Corf\u00f9 \u00e8 la musica ed I cori in chiesa. La maggior parte delle chiese hanno ottimi cori bizantini.<br \/>\nMercoled\u00ec Santo, il Coro Comunale, d\u00e0 un concerto di musica ecclesiastica.<br \/>\nGiovedi Santo si pu\u00f2 assistere al servizio dei 12 Vangeli.<br \/>\nVenerd\u00ec Santo \u00e8 il giorno dell\u2019\u201dEpitaphios \u201c, una bara simbolica, decorata con fiori e recante l\u2019immagine ricamata di Cristo nel sepolcro. Ogni chiesa fa emergere la sua bara e sfilare attorno alla parrocchia.<br \/>\nLe orchestre filarmoniche ei cori creano un\u2019atmosfera unica.<br \/>\nLa mattina del Sabato Santo c\u2019\u00e8 la processione dell Epitaphio della chiesa di San Spiridone. Alle ore 11, le campane della Cattedrale suonano la Resurrezione. Questo \u00e8 anche il segnale di inizio l\u2019usanza pi\u00f9 famosa, \u201cBotides\u201d: giare di terracotta piena d\u2019acqua, vengono gettati, dai balconi e dalle finestre delle case, distruggendosi sulle strade sottostanti.<br \/>\nLe orchestre filarmoniche, girano per le strade della citt\u00e0 suonando melodie gioiose.<br \/>\nLa sera del Sabato Santo, prima della cerimonia ortodossa che si svolge in Spianada, \u00e8 possibile frequentare il servizio cattolico nel Duomo.<br \/>\nIn Spianada, si svolge un imponente spettacolo pirotecnico e poi le bande attraversano le strade della citt\u00e0 suonando musica allegra.<\/li>\n<p>\n<\/ul>\n<\/p>\n<\/div><\/div><\/div><\/div><div class = \"tatsu-column-bg-image-wrap\"><div class = \"tatsu-column-bg-image\" ><\/div><\/div><div class=\"tatsu-overlay tatsu-column-overlay tatsu-animate-none\" ><\/div><\/div><style>.tatsu-row > .tatsu-H1eFAxMRWH.tatsu-column{width: 50%;}.tatsu-H1eFAxMRWH.tatsu-column > .tatsu-column-inner > .tatsu-column-overlay{mix-blend-mode: normal;}.tatsu-H1eFAxMRWH > .tatsu-column-inner > .tatsu-top-divider{z-index: 9999;}.tatsu-H1eFAxMRWH > .tatsu-column-inner > .tatsu-bottom-divider{z-index: 9999;}.tatsu-H1eFAxMRWH > .tatsu-column-inner > .tatsu-left-divider{z-index: 9999;}.tatsu-H1eFAxMRWH > .tatsu-column-inner > .tatsu-right-divider{z-index: 9999;}@media only screen and (max-width:1377px) {.tatsu-row > .tatsu-H1eFAxMRWH.tatsu-column{width: 50%;}}@media only screen and (min-width:768px) and (max-width: 1024px) {.tatsu-row > .tatsu-H1eFAxMRWH.tatsu-column{width: 50%;}}@media only screen and (max-width: 767px) {.tatsu-row > .tatsu-H1eFAxMRWH.tatsu-column{width: 100%;}}<\/style><\/div><\/div><\/div><\/div><div class=\"tatsu-section-background-wrap\"><div class = \"tatsu-section-background\" ><\/div><\/div><div class=\"tatsu-overlay tatsu-section-overlay\"><\/div><style>.tatsu-SJZP0gzA-H .tatsu-section-pad{padding: 0px 0px 50px 0px;}.tatsu-SJZP0gzA-H .tatsu-section-offset-wrap{transform: translateY(-0px);}.tatsu-SJZP0gzA-H > .tatsu-bottom-divider{z-index: 9999;}.tatsu-SJZP0gzA-H > .tatsu-top-divider{z-index: 9999;}.tatsu-SJZP0gzA-H .tatsu-section-overlay{mix-blend-mode: normal;}<\/style><\/div><div  class=\"tatsu-Hkbc2vrA-B tatsu-section  tatsu-bg-overlay   tatsu-clearfix\" data-title=\"\"  data-headerscheme=\"background--dark\"><div class='tatsu-section-pad clearfix' data-padding='{\"d\":\"0px 0px 90px 0px\"}' data-padding-top='0px'><div class=\"tatsu-row-wrap  tatsu-wrap tatsu-row-has-one-half tatsu-row-has-two-cols tatsu-medium-gutter tatsu-reg-cols  tatsu-clearfix tatsu-rkl93vSCZS\" ><div  class=\"tatsu-row \" ><div  class=\"tatsu-column  tatsu-bg-overlay tatsu-one-half tatsu-column-image-none tatsu-column-effect-none  tatsu-Hy23wSAWr\"  data-parallax-speed=\"0\" style=\"\"><div class=\"tatsu-column-inner \" ><div class=\"tatsu-column-pad-wrap\"><div class=\"tatsu-column-pad\" ><div  class=\"tatsu-module tatsu-text-block-wrap tatsu-ByQTDHAZS  \"><div class=\"tatsu-text-inner tatsu-align-center  clearfix\" ><style>.tatsu-ByQTDHAZS.tatsu-text-block-wrap .tatsu-text-inner{width: 100%;text-align: left;}<\/style>\n<p><ul><\/p>\n<li><strong>UNIONE DELLE ISOLE IONICHE CON LA GRECIA<\/strong>: il 21 maggio. Celebrata con una paratta attraverso la citt\u00e0 di Corfu.<\/li>\n<p><\/p>\n<li><strong>METAMORFOSI SOTIROS<\/strong>: 5-6 Agosto, una festa presso il monastero in cima al Monte Pantokrator.<\/li>\n<p><\/p>\n<li><strong>VARCAROLA<\/strong>: una processione di barche, il 10 Agosto, che rappresenta la leggenda secondo la quale San Spiridione impedi\u2019 agli Ottomani ad occupare la citt\u00e0.<\/li>\n<p><\/p>\n<li><strong>15 AGOSTO<\/strong> : tutte le chiese di Panaghia celebrarano. Paniyiris (festival) sono celebrate in molti villaggi.<\/li>\n<p><\/p>\n<li><strong>CORFU FESTIVAL<\/strong>: ogni estate, nella citt\u00e0 di Corf\u00f9. Molti eventi culturali: artisti greci e stranieri, concerti di cori e orchestre filarmoniche, spettacoli teatrali.<\/li>\n<p><\/p>\n<li><strong>FESTIVAL DI CRICKET<\/strong>: ogni estate, in Spianada, con la partecipazione di molte squadre inglesi.<\/li>\n<p>\n<\/ul>\n<\/p>\n<\/div><\/div><\/div><\/div><div class = \"tatsu-column-bg-image-wrap\"><div class = \"tatsu-column-bg-image\" ><\/div><\/div><div class=\"tatsu-overlay tatsu-column-overlay tatsu-animate-none\" ><\/div><\/div><style>.tatsu-row > .tatsu-Hy23wSAWr.tatsu-column{width: 50%;}.tatsu-Hy23wSAWr.tatsu-column > .tatsu-column-inner > .tatsu-column-overlay{mix-blend-mode: normal;}.tatsu-Hy23wSAWr > .tatsu-column-inner > .tatsu-top-divider{z-index: 9999;}.tatsu-Hy23wSAWr > .tatsu-column-inner > .tatsu-bottom-divider{z-index: 9999;}.tatsu-Hy23wSAWr > .tatsu-column-inner > .tatsu-left-divider{z-index: 9999;}.tatsu-Hy23wSAWr > .tatsu-column-inner > .tatsu-right-divider{z-index: 9999;}@media only screen and (max-width:1377px) {.tatsu-row > .tatsu-Hy23wSAWr.tatsu-column{width: 50%;}}@media only screen and (min-width:768px) and (max-width: 1024px) {.tatsu-row > .tatsu-Hy23wSAWr.tatsu-column{width: 50%;}}@media only screen and (max-width: 767px) {.tatsu-row > .tatsu-Hy23wSAWr.tatsu-column{width: 100%;}}<\/style><\/div><div  class=\"tatsu-column  tatsu-bg-overlay tatsu-one-half tatsu-column-image-none tatsu-column-effect-none  tatsu-BJg3hPHRZB\"  data-parallax-speed=\"0\" style=\"\"><div class=\"tatsu-column-inner \" ><div class=\"tatsu-column-pad-wrap\"><div class=\"tatsu-column-pad\" ><div  class=\"tatsu-single-image tatsu-module tatsu-image-lazyload tatsu-SkvHuBAWS  \" ><div class=\"tatsu-single-image-inner \" style=\"width : 1200px;\" ><div class = \"tatsu-single-image-padding-wrap\" style = \"padding-bottom : 66.666666666667%;\" ><\/div><img class = \"tatsu-gradient-border\" alt = \"\" title = \"beach-seafront-villas-pool-barbati-corfu-st-spyridon\" data-src = \"https:\/\/corfuluxuryvillas.com\/web-assets\/uploads\/2022\/04\/beach-seafront-villas-pool-barbati-corfu-st-spyridon-1.jpeg\" src =\"data:image\/png;base64,iVBORw0KGgoAAAANSUhEUgAAAAEAAAABCAQAAAC1HAwCAAAAC0lEQVR42mNkYAAAAAYAAjCB0C8AAAAASUVORK5CYII=\"  \/><\/div><style>.tatsu-SkvHuBAWS .tatsu-single-image-inner{border-style: solid;max-width: 100%;}.tatsu-SkvHuBAWS.tatsu-single-image{transform: translate3d(0px,0px, 0);}<\/style><\/div><\/div><\/div><div class = \"tatsu-column-bg-image-wrap\"><div class = \"tatsu-column-bg-image\" ><\/div><\/div><div class=\"tatsu-overlay tatsu-column-overlay tatsu-animate-none\" ><\/div><\/div><style>.tatsu-row > .tatsu-BJg3hPHRZB.tatsu-column{width: 50%;}.tatsu-BJg3hPHRZB.tatsu-column > .tatsu-column-inner > .tatsu-column-overlay{mix-blend-mode: normal;}.tatsu-BJg3hPHRZB > .tatsu-column-inner > .tatsu-top-divider{z-index: 9999;}.tatsu-BJg3hPHRZB > .tatsu-column-inner > .tatsu-bottom-divider{z-index: 9999;}.tatsu-BJg3hPHRZB > .tatsu-column-inner > .tatsu-left-divider{z-index: 9999;}.tatsu-BJg3hPHRZB > .tatsu-column-inner > .tatsu-right-divider{z-index: 9999;}@media only screen and (max-width:1377px) {.tatsu-row > .tatsu-BJg3hPHRZB.tatsu-column{width: 50%;}}@media only screen and (min-width:768px) and (max-width: 1024px) {.tatsu-row > .tatsu-BJg3hPHRZB.tatsu-column{width: 50%;}}@media only screen and (max-width: 767px) {.tatsu-row > .tatsu-BJg3hPHRZB.tatsu-column{width: 100%;}}<\/style><\/div><\/div><\/div><\/div><div class=\"tatsu-section-background-wrap\"><div class = \"tatsu-section-background\" ><\/div><\/div><div class=\"tatsu-overlay tatsu-section-overlay\"><\/div><style>.tatsu-Hkbc2vrA-B .tatsu-section-pad{padding: 0px 0px 90px 0px;}.tatsu-Hkbc2vrA-B .tatsu-section-offset-wrap{transform: translateY(-0px);}.tatsu-Hkbc2vrA-B > .tatsu-bottom-divider{z-index: 9999;}.tatsu-Hkbc2vrA-B > .tatsu-top-divider{z-index: 9999;}.tatsu-Hkbc2vrA-B .tatsu-section-overlay{mix-blend-mode: normal;}<\/style><\/div>\n","protected":false},"excerpt":{"rendered":"<p><a href=\"https:\/\/corfuluxuryvillas.com\/it\/corfu-festivals\/\" class=\"more-link style1-button\">Read More<\/a><\/p>","protected":false},"author":4,"featured_media":1401,"parent":0,"menu_order":0,"comment_status":"closed","ping_status":"closed","template":"","meta":[],"yoast_head":"<!-- This site is optimized with the Yoast SEO plugin v19.0 - https:\/\/yoast.com\/wordpress\/plugins\/seo\/ -->\n<title>Festival di Corfu | Corfu Luxury Villas | Collezione di ville di lusso a Corf\u00f9<\/title>\n<meta name=\"description\" content=\"Numerosi eventi unici, feste pasquali, sfilate di musica e festival estivi si svolgono nell&#039;isola cosmopolita di Corf\u00f9 durante tutto l&#039;anno.\" \/>\n<meta name=\"robots\" content=\"index, follow, max-snippet:-1, max-image-preview:large, max-video-preview:-1\" \/>\n<link rel=\"canonical\" href=\"https:\/\/corfuluxuryvillas.com\/it\/corfu-festivals\/\" \/>\n<meta property=\"og:locale\" content=\"it_IT\" \/>\n<meta property=\"og:type\" content=\"article\" \/>\n<meta property=\"og:title\" content=\"Festival di Corfu | Corfu Luxury Villas | Collezione di ville di lusso a Corf\u00f9\" \/>\n<meta property=\"og:description\" content=\"Numerosi eventi unici, feste pasquali, sfilate di musica e festival estivi si svolgono nell&#039;isola cosmopolita di Corf\u00f9 durante tutto l&#039;anno.\" \/>\n<meta property=\"og:url\" content=\"https:\/\/corfuluxuryvillas.com\/it\/corfu-festivals\/\" \/>\n<meta property=\"og:site_name\" content=\"Corfu Luxury Villas\" \/>\n<meta property=\"article:publisher\" content=\"https:\/\/www.facebook.com\/pages\/Corfu-Luxury-Villas\/695519493842386\" \/>\n<meta property=\"article:modified_time\" content=\"2022-05-26T10:31:59+00:00\" \/>\n<meta property=\"og:image\" content=\"https:\/\/corfuluxuryvillas.com\/web-assets\/uploads\/2022\/05\/corfu-luxury-villas-location.jpg\" \/>\n\t<meta property=\"og:image:width\" content=\"1800\" \/>\n\t<meta property=\"og:image:height\" content=\"721\" \/>\n\t<meta property=\"og:image:type\" content=\"image\/jpeg\" \/>\n<meta name=\"twitter:card\" content=\"summary_large_image\" \/>\n<meta name=\"twitter:label1\" content=\"Tempo di lettura stimato\" \/>\n\t<meta name=\"twitter:data1\" content=\"8 minuti\" \/>\n<script type=\"application\/ld+json\" class=\"yoast-schema-graph\">{\"@context\":\"https:\/\/schema.org\",\"@graph\":[{\"@type\":\"Organization\",\"@id\":\"https:\/\/corfuluxuryvillas.com\/it\/#organization\",\"name\":\"Corfu Luxury VIllas\",\"url\":\"https:\/\/corfuluxuryvillas.com\/it\/\",\"sameAs\":[\"https:\/\/www.facebook.com\/pages\/Corfu-Luxury-Villas\/695519493842386\"],\"logo\":{\"@type\":\"ImageObject\",\"inLanguage\":\"it-IT\",\"@id\":\"https:\/\/corfuluxuryvillas.com\/it\/#\/schema\/logo\/image\/\",\"url\":\"https:\/\/corfuluxuryvillas.com\/web-assets\/uploads\/2022\/05\/corfu-luxury-villas-logo-01.png\",\"contentUrl\":\"https:\/\/corfuluxuryvillas.com\/web-assets\/uploads\/2022\/05\/corfu-luxury-villas-logo-01.png\",\"width\":292,\"height\":75,\"caption\":\"Corfu Luxury VIllas\"},\"image\":{\"@id\":\"https:\/\/corfuluxuryvillas.com\/it\/#\/schema\/logo\/image\/\"}},{\"@type\":\"WebSite\",\"@id\":\"https:\/\/corfuluxuryvillas.com\/it\/#website\",\"url\":\"https:\/\/corfuluxuryvillas.com\/it\/\",\"name\":\"Corfu Luxury Villas\",\"description\":\"Collezione di ville di lusso a Corf\u00f9\",\"publisher\":{\"@id\":\"https:\/\/corfuluxuryvillas.com\/it\/#organization\"},\"potentialAction\":[{\"@type\":\"SearchAction\",\"target\":{\"@type\":\"EntryPoint\",\"urlTemplate\":\"https:\/\/corfuluxuryvillas.com\/it\/?s={search_term_string}\"},\"query-input\":\"required name=search_term_string\"}],\"inLanguage\":\"it-IT\"},{\"@type\":\"ImageObject\",\"inLanguage\":\"it-IT\",\"@id\":\"https:\/\/corfuluxuryvillas.com\/it\/corfu-festivals\/#primaryimage\",\"url\":\"https:\/\/corfuluxuryvillas.com\/web-assets\/uploads\/2022\/05\/corfu-luxury-villas-location.jpg\",\"contentUrl\":\"https:\/\/corfuluxuryvillas.com\/web-assets\/uploads\/2022\/05\/corfu-luxury-villas-location.jpg\",\"width\":1800,\"height\":721},{\"@type\":\"WebPage\",\"@id\":\"https:\/\/corfuluxuryvillas.com\/it\/corfu-festivals\/#webpage\",\"url\":\"https:\/\/corfuluxuryvillas.com\/it\/corfu-festivals\/\",\"name\":\"Festival di Corfu | Corfu Luxury Villas | Collezione di ville di lusso a Corf\u00f9\",\"isPartOf\":{\"@id\":\"https:\/\/corfuluxuryvillas.com\/it\/#website\"},\"primaryImageOfPage\":{\"@id\":\"https:\/\/corfuluxuryvillas.com\/it\/corfu-festivals\/#primaryimage\"},\"datePublished\":\"2022-04-01T11:23:37+00:00\",\"dateModified\":\"2022-05-26T10:31:59+00:00\",\"description\":\"Numerosi eventi unici, feste pasquali, sfilate di musica e festival estivi si svolgono nell'isola cosmopolita di Corf\u00f9 durante tutto l'anno.\",\"breadcrumb\":{\"@id\":\"https:\/\/corfuluxuryvillas.com\/it\/corfu-festivals\/#breadcrumb\"},\"inLanguage\":\"it-IT\",\"potentialAction\":[{\"@type\":\"ReadAction\",\"target\":[\"https:\/\/corfuluxuryvillas.com\/it\/corfu-festivals\/\"]}]},{\"@type\":\"BreadcrumbList\",\"@id\":\"https:\/\/corfuluxuryvillas.com\/it\/corfu-festivals\/#breadcrumb\",\"itemListElement\":[{\"@type\":\"ListItem\",\"position\":1,\"name\":\"Home\",\"item\":\"https:\/\/corfuluxuryvillas.com\/it\/\"},{\"@type\":\"ListItem\",\"position\":2,\"name\":\"Festival di Corfu\"}]}]}<\/script>\n<!-- \/ Yoast SEO plugin. -->","yoast_head_json":{"title":"Festival di Corfu | Corfu Luxury Villas | Collezione di ville di lusso a Corf\u00f9","description":"Numerosi eventi unici, feste pasquali, sfilate di musica e festival estivi si svolgono nell'isola cosmopolita di Corf\u00f9 durante tutto l'anno.","robots":{"index":"index","follow":"follow","max-snippet":"max-snippet:-1","max-image-preview":"max-image-preview:large","max-video-preview":"max-video-preview:-1"},"canonical":"https:\/\/corfuluxuryvillas.com\/it\/corfu-festivals\/","og_locale":"it_IT","og_type":"article","og_title":"Festival di Corfu | Corfu Luxury Villas | Collezione di ville di lusso a Corf\u00f9","og_description":"Numerosi eventi unici, feste pasquali, sfilate di musica e festival estivi si svolgono nell'isola cosmopolita di Corf\u00f9 durante tutto l'anno.","og_url":"https:\/\/corfuluxuryvillas.com\/it\/corfu-festivals\/","og_site_name":"Corfu Luxury Villas","article_publisher":"https:\/\/www.facebook.com\/pages\/Corfu-Luxury-Villas\/695519493842386","article_modified_time":"2022-05-26T10:31:59+00:00","og_image":[{"width":1800,"height":721,"url":"https:\/\/corfuluxuryvillas.com\/web-assets\/uploads\/2022\/05\/corfu-luxury-villas-location.jpg","type":"image\/jpeg"}],"twitter_card":"summary_large_image","twitter_misc":{"Tempo di lettura stimato":"8 minuti"},"schema":{"@context":"https:\/\/schema.org","@graph":[{"@type":"Organization","@id":"https:\/\/corfuluxuryvillas.com\/it\/#organization","name":"Corfu Luxury VIllas","url":"https:\/\/corfuluxuryvillas.com\/it\/","sameAs":["https:\/\/www.facebook.com\/pages\/Corfu-Luxury-Villas\/695519493842386"],"logo":{"@type":"ImageObject","inLanguage":"it-IT","@id":"https:\/\/corfuluxuryvillas.com\/it\/#\/schema\/logo\/image\/","url":"https:\/\/corfuluxuryvillas.com\/web-assets\/uploads\/2022\/05\/corfu-luxury-villas-logo-01.png","contentUrl":"https:\/\/corfuluxuryvillas.com\/web-assets\/uploads\/2022\/05\/corfu-luxury-villas-logo-01.png","width":292,"height":75,"caption":"Corfu Luxury VIllas"},"image":{"@id":"https:\/\/corfuluxuryvillas.com\/it\/#\/schema\/logo\/image\/"}},{"@type":"WebSite","@id":"https:\/\/corfuluxuryvillas.com\/it\/#website","url":"https:\/\/corfuluxuryvillas.com\/it\/","name":"Corfu Luxury Villas","description":"Collezione di ville di lusso a Corf\u00f9","publisher":{"@id":"https:\/\/corfuluxuryvillas.com\/it\/#organization"},"potentialAction":[{"@type":"SearchAction","target":{"@type":"EntryPoint","urlTemplate":"https:\/\/corfuluxuryvillas.com\/it\/?s={search_term_string}"},"query-input":"required name=search_term_string"}],"inLanguage":"it-IT"},{"@type":"ImageObject","inLanguage":"it-IT","@id":"https:\/\/corfuluxuryvillas.com\/it\/corfu-festivals\/#primaryimage","url":"https:\/\/corfuluxuryvillas.com\/web-assets\/uploads\/2022\/05\/corfu-luxury-villas-location.jpg","contentUrl":"https:\/\/corfuluxuryvillas.com\/web-assets\/uploads\/2022\/05\/corfu-luxury-villas-location.jpg","width":1800,"height":721},{"@type":"WebPage","@id":"https:\/\/corfuluxuryvillas.com\/it\/corfu-festivals\/#webpage","url":"https:\/\/corfuluxuryvillas.com\/it\/corfu-festivals\/","name":"Festival di Corfu | Corfu Luxury Villas | Collezione di ville di lusso a Corf\u00f9","isPartOf":{"@id":"https:\/\/corfuluxuryvillas.com\/it\/#website"},"primaryImageOfPage":{"@id":"https:\/\/corfuluxuryvillas.com\/it\/corfu-festivals\/#primaryimage"},"datePublished":"2022-04-01T11:23:37+00:00","dateModified":"2022-05-26T10:31:59+00:00","description":"Numerosi eventi unici, feste pasquali, sfilate di musica e festival estivi si svolgono nell'isola cosmopolita di Corf\u00f9 durante tutto l'anno.","breadcrumb":{"@id":"https:\/\/corfuluxuryvillas.com\/it\/corfu-festivals\/#breadcrumb"},"inLanguage":"it-IT","potentialAction":[{"@type":"ReadAction","target":["https:\/\/corfuluxuryvillas.com\/it\/corfu-festivals\/"]}]},{"@type":"BreadcrumbList","@id":"https:\/\/corfuluxuryvillas.com\/it\/corfu-festivals\/#breadcrumb","itemListElement":[{"@type":"ListItem","position":1,"name":"Home","item":"https:\/\/corfuluxuryvillas.com\/it\/"},{"@type":"ListItem","position":2,"name":"Festival di Corfu"}]}]}},"_links":{"self":[{"href":"https:\/\/corfuluxuryvillas.com\/it\/wp-json\/wp\/v2\/pages\/1121"}],"collection":[{"href":"https:\/\/corfuluxuryvillas.com\/it\/wp-json\/wp\/v2\/pages"}],"about":[{"href":"https:\/\/corfuluxuryvillas.com\/it\/wp-json\/wp\/v2\/types\/page"}],"author":[{"embeddable":true,"href":"https:\/\/corfuluxuryvillas.com\/it\/wp-json\/wp\/v2\/users\/4"}],"replies":[{"embeddable":true,"href":"https:\/\/corfuluxuryvillas.com\/it\/wp-json\/wp\/v2\/comments?post=1121"}],"version-history":[{"count":3,"href":"https:\/\/corfuluxuryvillas.com\/it\/wp-json\/wp\/v2\/pages\/1121\/revisions"}],"predecessor-version":[{"id":1464,"href":"https:\/\/corfuluxuryvillas.com\/it\/wp-json\/wp\/v2\/pages\/1121\/revisions\/1464"}],"wp:featuredmedia":[{"embeddable":true,"href":"https:\/\/corfuluxuryvillas.com\/it\/wp-json\/wp\/v2\/media\/1401"}],"wp:attachment":[{"href":"https:\/\/corfuluxuryvillas.com\/it\/wp-json\/wp\/v2\/media?parent=1121"}],"curies":[{"name":"wp","href":"https:\/\/api.w.org\/{rel}","templated":true}]}}