{"id":1104,"date":"2022-03-31T12:37:26","date_gmt":"2022-03-31T12:37:26","guid":{"rendered":"https:\/\/corfuluxuryvillas.com\/booking-online\/"},"modified":"2022-05-26T10:20:00","modified_gmt":"2022-05-26T10:20:00","slug":"booking-online","status":"publish","type":"page","link":"https:\/\/corfuluxuryvillas.com\/it\/booking-online\/","title":{"rendered":"Prenotazione"},"content":{"rendered":"<div  class=\"tatsu-g4nuaqntst8zltv7 tatsu-section  tatsu-bg-overlay   tatsu-clearfix\" data-title=\"\"  data-headerscheme=\"background--dark\"><div class='tatsu-section-pad clearfix' data-padding='{\"d\":\"60px 0px 60px 0px\"}' data-padding-top='60px'><div class=\"tatsu-row-wrap  tatsu-row-full-width tatsu-row-one-col tatsu-row-has-one-cols tatsu-medium-gutter tatsu-reg-cols  tatsu-clearfix tatsu-g4nuaqntu035i4cp\" ><div  class=\"tatsu-row \" ><div  class=\"tatsu-column  tatsu-bg-overlay tatsu-one-col tatsu-column-image-none tatsu-column-effect-none  tatsu-g4nuaqntv17cbtvl\"  data-parallax-speed=\"0\" style=\"\"><div class=\"tatsu-column-inner \" ><div class=\"tatsu-column-pad-wrap\"><div class=\"tatsu-column-pad\" ><div  class=\"tatsu-shortcode-module tatsu-module tatsu-HkcfarwMq   \"  ><form method=post class=filox-booking-form id=flx_booking_form_sbp_accommodation69e79316a511c data-product=\"sbp_accommodation\">\n <div class=\"sbp-search-wrapper sbp-form-section horizontal\" id=\"sbp_search_widget\" attach-to=\" flx_booking_form_sbp_accommodation69e79316a511c\" button-count=\"3\">\n  <div id=\"sbp_date_picker_wrapper\" class=\"sbp-widget-wrapper sbp-calendar-icon flx-date-picker\" form=\"flx_booking_form_sbp_accommodation69e79316a511c\">\n <input type=\"text\" id=\"sbp_date_picker_flx_booking_form_sbp_accommodation69e79316a511c\" placeholder=\"Seleziona le date\" autocomplete=\"off\" readonly=\"true\" class=\"flx-interface-button flx-date-button\" data-show=\"flx-calendar\" attach-to=\"flx_booking_form_sbp_accommodation69e79316a511c\" \/>\n<\/div><div class=\"sbp-widget-wrapper sbp_extra_search_wrapper sbp-guests-icon\" id=\"sbp_guests\" form=\"flx_booking_form_sbp_accommodation69e79316a511c\">\n <input type=\"text\" class=\"sbp_extra_search_picker flx-interface-button\" placeholder=\"Seleziona ospiti\" autocomplete=\"off\" readonly=\"true\" data-show=\"sbp_guests_interface\" attach-to=\"flx_booking_form_sbp_accommodation69e79316a511c\" \/>\n<\/div>\n <div class=\"sbp-input-interface sbp_extra_search_interface \" id=\"sbp_guests_interface\" attach-to=\"flx_booking_form_sbp_accommodation69e79316a511c\" data-opens=\"center\">\n  <div class=\"sbp-extra-search-wrapper\">\n <div class=\"sbp-mobile-search-wrapper-title\">Seleziona ospiti<\/div>\n <div class=\"sbp-search-inputs\">\n     <div id=\"sbp-row-sbp_adults\" class=\"sbp-extra-search-row \"><div class=\"sbp_adds sbp-custom-input sbp-custom-input-number \" data-change=\"1\" id=\"flx_booking_form_sbp_accommodation69e79316a511csbp_custom_sbp_adults\" data-min=\"0\" data-effect=\"1\" data-max=\"\" data-id=\"sbp_adults\"><div class=\"title\"><div class=\"sbp-extra-search-title-wrapper\"><div class=\"sbp-main-title\">Adulti<\/div><\/div><\/div><div class=\"actions\"><div class=\"minus trg sbp_action\" title=\"Diminuire Adulti  \"><span class=\"sbp_icon sbp-icon-substract\"><\/span><\/div><div class=\"number\"><span>0<\/span><\/div><div class=\"plus trg sbp_action\" title=\"Aumenta Adulti  \"><span class=\"sbp_icon sbp-icon-add\"><\/span><\/div><\/div><input id=\"sbp_adults\" name=\"sbp_adults\" class=\"sbp_no_show sbp_req_for_book sbp_req_for_check\" type=\"number\" placeholder=\"Qnt\" min=\"0\" max=\"\" value=\"0\" min=1 attach-to=flx_booking_form_sbp_accommodation69e79316a511c><\/div><\/div>\n     <div id=\"sbp-row-sbp_children\" class=\"sbp-extra-search-row \"><div class=\"sbp_adds sbp-custom-input sbp-custom-input-number \" data-change=\"1\" id=\"flx_booking_form_sbp_accommodation69e79316a511csbp_custom_sbp_children\" data-min=\"0\" data-effect=\"1\" data-max=\"\" data-id=\"sbp_children\"><div class=\"title\"><div class=\"sbp-extra-search-title-wrapper\"><div class=\"sbp-main-title\">Bambini<\/div><div class=\"sbp-explanation\">Et\u00e0 2-12<\/div><\/div><\/div><div class=\"actions\"><div class=\"minus trg sbp_action\" title=\"Diminuire Bambini Et\u00e0 2-12  \"><span class=\"sbp_icon sbp-icon-substract\"><\/span><\/div><div class=\"number\"><span>0<\/span><\/div><div class=\"plus trg sbp_action\" title=\"Aumenta Bambini Et\u00e0 2-12  \"><span class=\"sbp_icon sbp-icon-add\"><\/span><\/div><\/div><input id=\"sbp_children\" name=\"sbp_children\" class=\"sbp_no_show sbp_req_for_check\" type=\"number\" placeholder=\"Qnt\" min=\"0\" max=\"\" value=\"0\" attach-to=flx_booking_form_sbp_accommodation69e79316a511c><\/div><\/div>\n     <div id=\"sbp-row-sbp_infants\" class=\"sbp-extra-search-row \"><div class=\"sbp_adds sbp-custom-input sbp-custom-input-number \" data-change=\"1\" id=\"flx_booking_form_sbp_accommodation69e79316a511csbp_custom_sbp_infants\" data-min=\"0\" data-effect=\"1\" data-max=\"\" data-id=\"sbp_infants\"><div class=\"title\"><div class=\"sbp-extra-search-title-wrapper\"><div class=\"sbp-main-title\">Neonati<\/div><div class=\"sbp-explanation\">Meno di 2 anni<\/div><\/div><\/div><div class=\"actions\"><div class=\"minus trg sbp_action\" title=\"Diminuire Neonati Meno di 2 anni  \"><span class=\"sbp_icon sbp-icon-substract\"><\/span><\/div><div class=\"number\"><span>0<\/span><\/div><div class=\"plus trg sbp_action\" title=\"Aumenta Neonati Meno di 2 anni  \"><span class=\"sbp_icon sbp-icon-add\"><\/span><\/div><\/div><input id=\"sbp_infants\" name=\"sbp_infants\" class=\"sbp_no_show sbp_req_for_check\" type=\"number\" placeholder=\"Qnt\" min=\"0\" max=\"\" value=\"0\" attach-to=flx_booking_form_sbp_accommodation69e79316a511c><\/div><\/div>\n     <\/div>\n \n<div class=\"sbp-extra-search-row search-actions-apply ranges\">\n <button class=\"applyBtn sbp_action\" type=\"button\">Applica<\/button>\n <button class=\"cancelBtn sbp_action\" type=\"button\">Annulla<\/button>\n<\/div><\/div> <\/div>\n<button id=\"sbp_search_button\" class=\"sbp-widget-wrapper sbp_action sbp-search sbp-button\" type=\"submit\">Cerca<\/button><div id=\"flx-booking-form-fields\" class=\"awm-show-content\" count=\"0\"><input type=\"hidden\" name=\"sbp_admin\" id=\"sbp_admin\" value=\"0\"  class=\"\" \/><input type=\"hidden\" name=\"sbp_booking_page\" id=\"sbp_booking_page\" value=\"1104\"  class=\"\" \/><input type=\"hidden\" name=\"token\" id=\"token\" value=\"Z0cmRJ6thpq6J7S5SIBfSiQdBiRtpadrFvJpTK2ingipnjRb12PU5W25C0DVksunHxxLA8sRyZycEXW5ngP13kh5ma%2B3grAiw7YcKgZ8YfvdD0aQhm9KvMDDKjdNKY%2FVo82NyiuNvqgG2%2BYzXq%2FtVBlea%2BCcT%2FjRc1I4rcuRECWTJg%3D%3D\"  class=\"\" \/><input type=\"hidden\" name=\"lang\" id=\"lang\" value=\"it\"  class=\"\" \/><input type=\"hidden\" name=\"sbp_main_product\" id=\"sbp_main_product\" value=\"sbp_accommodation\" exclude_meta=\"1\" class=\"\" \/><input type=\"hidden\" name=\"sbp_product_types[0]\" id=\"sbp_product_types[0]\" value=\"sbp_accommodation\"  class=\"\" \/><input type=\"hidden\" name=\"page_id\" id=\"page_id\" value=\"1104\"  class=\"\" \/><\/div> <\/div>\n<\/form><div class=\"sbp-form-input sbp-container sbp_accordion sbp-autoscroll\" id=\"sbp_search_results_container\">\n    <div class=\"sbp-form-section sbp-results-section\" id=\"sbp-results-container\">\n        <div class=\"sbp-title\" id=\"flx-results-title\"><span class=\"sbp_icon sbp-icon-reception\"><\/span><span class=\"sbp-text\">Disponibilit\u00e0<\/span><\/div>\n    <!--<form id=\"filox-booking-data\" method=\"post\"> -->\n    <div class=\"sbp-ajax-fill\">\n        <div class=\"sbp-title\"><span class=\"sbp-default\">Si prega di compilare le sezioni relative a date e ospiti per controllare i risultati<\/span><\/div>\n    <\/div>\n    <!--<\/form> -->\n<\/div>    <div class=\"sbp-results-sidebar-container sbp-mobile\"> \n    <div class=\"sbp-results-sidebar-container-wrap sbp-mobile\"> \n        <div class=\"sbp-form-section sbp-mobile\" id=\"sbp-results-sidebar-wrapper\">\n            <div class=\"sbp-mobile-results-header sbp-mobile\">\n                <div class=\"sbp-results-search-details sbp-inner\">\n                    <div class=\"sbp-refine-wrapper sbp_action\">\n                        <span class=\"sbp_icon sbp-icon-search\"><\/span>\n                        <span class=\" sbp-search-details\">Affina la ricerca<\/span>\n                    <\/div>\n                <\/div>\n                <div class=\"sbp-results-close sbp-inner\">\n                    <div class=\"sbp-close-wrapper sbp_action\">\n                        <span class=\"sbp-action-explain\">Successivo<\/span>\n                        <span class=\"sbp_icon sbp-icon-arrow-right close\"><\/span>\n                    <\/div>\n                <\/div>\n            <\/div>\n            \n        <div class=\"sbp-results-section sbp-mobile\" id=\"sbp-results-sidebar\">                  \n            <div id='sbp-sidebar-inner-content'>\n    <div id=\"sbp-cart-items\" class=\"sbp-sidebar-wrapper-div sbp-empty-cart\">\n        <div class=\"sbp-title\"> <span class=\"sbp_icon sbp-icon-reservation\"><\/span><span class=\"sbp-text\">La mia prenotazione<\/span><\/div>\n        <div class=\"sbp-ajax-fill\"><span class=\"sbp-default\">La prenotazione \u00e8 vuoto<\/span><\/div>\n    <\/div>\n    \n<\/div>\n\n<div class=\"sbp-ajax-loader\"><\/div>        \n        <\/div>\n        \n\n\n        <\/div>\n    <\/div>\n<\/div>\n    <div class=\"sbp-ajax-loader\"><\/div>\n<\/div>\n<div class=\"sbp-form-input sbp-container sbp_accordion\" id=\"sbp_book_overview\"><\/div><br \/>\n<\/div><\/div><\/div><div class = \"tatsu-column-bg-image-wrap\"><div class = \"tatsu-column-bg-image\" ><\/div><\/div><div class=\"tatsu-overlay tatsu-column-overlay tatsu-animate-none\" ><\/div><\/div><style>.tatsu-row > .tatsu-g4nuaqntv17cbtvl.tatsu-column{width: 100%;}.tatsu-g4nuaqntv17cbtvl.tatsu-column > .tatsu-column-inner > .tatsu-column-overlay{mix-blend-mode: normal;}.tatsu-g4nuaqntv17cbtvl > .tatsu-column-inner > .tatsu-top-divider{z-index: 9999;}.tatsu-g4nuaqntv17cbtvl > .tatsu-column-inner > .tatsu-bottom-divider{z-index: 9999;}.tatsu-g4nuaqntv17cbtvl > .tatsu-column-inner > .tatsu-left-divider{z-index: 9999;}.tatsu-g4nuaqntv17cbtvl > .tatsu-column-inner > .tatsu-right-divider{z-index: 9999;}<\/style><\/div><\/div><\/div><\/div><div class=\"tatsu-section-background-wrap\"><div class = \"tatsu-section-background\" ><\/div><\/div><div class=\"tatsu-overlay tatsu-section-overlay\"><\/div><style>.tatsu-g4nuaqntst8zltv7 .tatsu-section-pad{padding: 60px 0px 60px 0px;}.tatsu-g4nuaqntst8zltv7 > .tatsu-bottom-divider{z-index: 9999;}.tatsu-g4nuaqntst8zltv7 > .tatsu-top-divider{z-index: 9999;}.tatsu-g4nuaqntst8zltv7 .tatsu-section-overlay{mix-blend-mode: normal;}<\/style><\/div>\n","protected":false},"excerpt":{"rendered":"<p><a href=\"https:\/\/corfuluxuryvillas.com\/it\/booking-online\/\" class=\"more-link style1-button\">Read More<\/a><\/p>","protected":false},"author":4,"featured_media":1452,"parent":0,"menu_order":0,"comment_status":"closed","ping_status":"closed","template":"","meta":[],"yoast_head":"<!-- This site is optimized with the Yoast SEO plugin v19.0 - https:\/\/yoast.com\/wordpress\/plugins\/seo\/ -->\n<title>Prenotazione | Corfu Luxury Villas | Collezione di ville di lusso a Corf\u00f9<\/title>\n<meta name=\"description\" content=\"Prenota il tuo soggiorno a Corf\u00f9 e goditi il sole al Corfu Luxury Villas. Si prega di compilare le date e gli ospiti per verificare la disponibilit\u00e0.\" \/>\n<meta name=\"robots\" content=\"index, follow, max-snippet:-1, max-image-preview:large, max-video-preview:-1\" \/>\n<link rel=\"canonical\" href=\"https:\/\/corfuluxuryvillas.com\/it\/booking-online\/\" \/>\n<meta property=\"og:locale\" content=\"it_IT\" \/>\n<meta property=\"og:type\" content=\"article\" \/>\n<meta property=\"og:title\" content=\"Prenotazione | Corfu Luxury Villas | Collezione di ville di lusso a Corf\u00f9\" \/>\n<meta property=\"og:description\" content=\"Prenota il tuo soggiorno a Corf\u00f9 e goditi il sole al Corfu Luxury Villas. Si prega di compilare le date e gli ospiti per verificare la disponibilit\u00e0.\" \/>\n<meta property=\"og:url\" content=\"https:\/\/corfuluxuryvillas.com\/it\/booking-online\/\" \/>\n<meta property=\"og:site_name\" content=\"Corfu Luxury Villas\" \/>\n<meta property=\"article:publisher\" content=\"https:\/\/www.facebook.com\/pages\/Corfu-Luxury-Villas\/695519493842386\" \/>\n<meta property=\"article:modified_time\" content=\"2022-05-26T10:20:00+00:00\" \/>\n<meta property=\"og:image\" content=\"https:\/\/corfuluxuryvillas.com\/web-assets\/uploads\/2022\/05\/corfu-luxury-villas-holidays-slider-01.jpg\" \/>\n\t<meta property=\"og:image:width\" content=\"1920\" \/>\n\t<meta property=\"og:image:height\" content=\"1080\" \/>\n\t<meta property=\"og:image:type\" content=\"image\/jpeg\" \/>\n<meta name=\"twitter:card\" content=\"summary_large_image\" \/>\n<meta name=\"twitter:label1\" content=\"Tempo di lettura stimato\" \/>\n\t<meta name=\"twitter:data1\" content=\"2 minuti\" \/>\n<script type=\"application\/ld+json\" class=\"yoast-schema-graph\">{\"@context\":\"https:\/\/schema.org\",\"@graph\":[{\"@type\":\"Organization\",\"@id\":\"https:\/\/corfuluxuryvillas.com\/it\/#organization\",\"name\":\"Corfu Luxury VIllas\",\"url\":\"https:\/\/corfuluxuryvillas.com\/it\/\",\"sameAs\":[\"https:\/\/www.facebook.com\/pages\/Corfu-Luxury-Villas\/695519493842386\"],\"logo\":{\"@type\":\"ImageObject\",\"inLanguage\":\"it-IT\",\"@id\":\"https:\/\/corfuluxuryvillas.com\/it\/#\/schema\/logo\/image\/\",\"url\":\"https:\/\/corfuluxuryvillas.com\/web-assets\/uploads\/2022\/05\/corfu-luxury-villas-logo-01.png\",\"contentUrl\":\"https:\/\/corfuluxuryvillas.com\/web-assets\/uploads\/2022\/05\/corfu-luxury-villas-logo-01.png\",\"width\":292,\"height\":75,\"caption\":\"Corfu Luxury VIllas\"},\"image\":{\"@id\":\"https:\/\/corfuluxuryvillas.com\/it\/#\/schema\/logo\/image\/\"}},{\"@type\":\"WebSite\",\"@id\":\"https:\/\/corfuluxuryvillas.com\/it\/#website\",\"url\":\"https:\/\/corfuluxuryvillas.com\/it\/\",\"name\":\"Corfu Luxury Villas\",\"description\":\"Collezione di ville di lusso a Corf\u00f9\",\"publisher\":{\"@id\":\"https:\/\/corfuluxuryvillas.com\/it\/#organization\"},\"potentialAction\":[{\"@type\":\"SearchAction\",\"target\":{\"@type\":\"EntryPoint\",\"urlTemplate\":\"https:\/\/corfuluxuryvillas.com\/it\/?s={search_term_string}\"},\"query-input\":\"required name=search_term_string\"}],\"inLanguage\":\"it-IT\"},{\"@type\":\"ImageObject\",\"inLanguage\":\"it-IT\",\"@id\":\"https:\/\/corfuluxuryvillas.com\/it\/booking-online\/#primaryimage\",\"url\":\"https:\/\/corfuluxuryvillas.com\/web-assets\/uploads\/2022\/05\/corfu-luxury-villas-holidays-slider-01.jpg\",\"contentUrl\":\"https:\/\/corfuluxuryvillas.com\/web-assets\/uploads\/2022\/05\/corfu-luxury-villas-holidays-slider-01.jpg\",\"width\":1920,\"height\":1080},{\"@type\":\"WebPage\",\"@id\":\"https:\/\/corfuluxuryvillas.com\/it\/booking-online\/#webpage\",\"url\":\"https:\/\/corfuluxuryvillas.com\/it\/booking-online\/\",\"name\":\"Prenotazione | Corfu Luxury Villas | Collezione di ville di lusso a Corf\u00f9\",\"isPartOf\":{\"@id\":\"https:\/\/corfuluxuryvillas.com\/it\/#website\"},\"primaryImageOfPage\":{\"@id\":\"https:\/\/corfuluxuryvillas.com\/it\/booking-online\/#primaryimage\"},\"datePublished\":\"2022-03-31T12:37:26+00:00\",\"dateModified\":\"2022-05-26T10:20:00+00:00\",\"description\":\"Prenota il tuo soggiorno a Corf\u00f9 e goditi il sole al Corfu Luxury Villas. Si prega di compilare le date e gli ospiti per verificare la disponibilit\u00e0.\",\"breadcrumb\":{\"@id\":\"https:\/\/corfuluxuryvillas.com\/it\/booking-online\/#breadcrumb\"},\"inLanguage\":\"it-IT\",\"potentialAction\":[{\"@type\":\"ReadAction\",\"target\":[\"https:\/\/corfuluxuryvillas.com\/it\/booking-online\/\"]}]},{\"@type\":\"BreadcrumbList\",\"@id\":\"https:\/\/corfuluxuryvillas.com\/it\/booking-online\/#breadcrumb\",\"itemListElement\":[{\"@type\":\"ListItem\",\"position\":1,\"name\":\"Home\",\"item\":\"https:\/\/corfuluxuryvillas.com\/it\/\"},{\"@type\":\"ListItem\",\"position\":2,\"name\":\"Prenotazione\"}]}]}<\/script>\n<!-- \/ Yoast SEO plugin. -->","yoast_head_json":{"title":"Prenotazione | Corfu Luxury Villas | Collezione di ville di lusso a Corf\u00f9","description":"Prenota il tuo soggiorno a Corf\u00f9 e goditi il sole al Corfu Luxury Villas. Si prega di compilare le date e gli ospiti per verificare la disponibilit\u00e0.","robots":{"index":"index","follow":"follow","max-snippet":"max-snippet:-1","max-image-preview":"max-image-preview:large","max-video-preview":"max-video-preview:-1"},"canonical":"https:\/\/corfuluxuryvillas.com\/it\/booking-online\/","og_locale":"it_IT","og_type":"article","og_title":"Prenotazione | Corfu Luxury Villas | Collezione di ville di lusso a Corf\u00f9","og_description":"Prenota il tuo soggiorno a Corf\u00f9 e goditi il sole al Corfu Luxury Villas. Si prega di compilare le date e gli ospiti per verificare la disponibilit\u00e0.","og_url":"https:\/\/corfuluxuryvillas.com\/it\/booking-online\/","og_site_name":"Corfu Luxury Villas","article_publisher":"https:\/\/www.facebook.com\/pages\/Corfu-Luxury-Villas\/695519493842386","article_modified_time":"2022-05-26T10:20:00+00:00","og_image":[{"width":1920,"height":1080,"url":"https:\/\/corfuluxuryvillas.com\/web-assets\/uploads\/2022\/05\/corfu-luxury-villas-holidays-slider-01.jpg","type":"image\/jpeg"}],"twitter_card":"summary_large_image","twitter_misc":{"Tempo di lettura stimato":"2 minuti"},"schema":{"@context":"https:\/\/schema.org","@graph":[{"@type":"Organization","@id":"https:\/\/corfuluxuryvillas.com\/it\/#organization","name":"Corfu Luxury VIllas","url":"https:\/\/corfuluxuryvillas.com\/it\/","sameAs":["https:\/\/www.facebook.com\/pages\/Corfu-Luxury-Villas\/695519493842386"],"logo":{"@type":"ImageObject","inLanguage":"it-IT","@id":"https:\/\/corfuluxuryvillas.com\/it\/#\/schema\/logo\/image\/","url":"https:\/\/corfuluxuryvillas.com\/web-assets\/uploads\/2022\/05\/corfu-luxury-villas-logo-01.png","contentUrl":"https:\/\/corfuluxuryvillas.com\/web-assets\/uploads\/2022\/05\/corfu-luxury-villas-logo-01.png","width":292,"height":75,"caption":"Corfu Luxury VIllas"},"image":{"@id":"https:\/\/corfuluxuryvillas.com\/it\/#\/schema\/logo\/image\/"}},{"@type":"WebSite","@id":"https:\/\/corfuluxuryvillas.com\/it\/#website","url":"https:\/\/corfuluxuryvillas.com\/it\/","name":"Corfu Luxury Villas","description":"Collezione di ville di lusso a Corf\u00f9","publisher":{"@id":"https:\/\/corfuluxuryvillas.com\/it\/#organization"},"potentialAction":[{"@type":"SearchAction","target":{"@type":"EntryPoint","urlTemplate":"https:\/\/corfuluxuryvillas.com\/it\/?s={search_term_string}"},"query-input":"required name=search_term_string"}],"inLanguage":"it-IT"},{"@type":"ImageObject","inLanguage":"it-IT","@id":"https:\/\/corfuluxuryvillas.com\/it\/booking-online\/#primaryimage","url":"https:\/\/corfuluxuryvillas.com\/web-assets\/uploads\/2022\/05\/corfu-luxury-villas-holidays-slider-01.jpg","contentUrl":"https:\/\/corfuluxuryvillas.com\/web-assets\/uploads\/2022\/05\/corfu-luxury-villas-holidays-slider-01.jpg","width":1920,"height":1080},{"@type":"WebPage","@id":"https:\/\/corfuluxuryvillas.com\/it\/booking-online\/#webpage","url":"https:\/\/corfuluxuryvillas.com\/it\/booking-online\/","name":"Prenotazione | Corfu Luxury Villas | Collezione di ville di lusso a Corf\u00f9","isPartOf":{"@id":"https:\/\/corfuluxuryvillas.com\/it\/#website"},"primaryImageOfPage":{"@id":"https:\/\/corfuluxuryvillas.com\/it\/booking-online\/#primaryimage"},"datePublished":"2022-03-31T12:37:26+00:00","dateModified":"2022-05-26T10:20:00+00:00","description":"Prenota il tuo soggiorno a Corf\u00f9 e goditi il sole al Corfu Luxury Villas. Si prega di compilare le date e gli ospiti per verificare la disponibilit\u00e0.","breadcrumb":{"@id":"https:\/\/corfuluxuryvillas.com\/it\/booking-online\/#breadcrumb"},"inLanguage":"it-IT","potentialAction":[{"@type":"ReadAction","target":["https:\/\/corfuluxuryvillas.com\/it\/booking-online\/"]}]},{"@type":"BreadcrumbList","@id":"https:\/\/corfuluxuryvillas.com\/it\/booking-online\/#breadcrumb","itemListElement":[{"@type":"ListItem","position":1,"name":"Home","item":"https:\/\/corfuluxuryvillas.com\/it\/"},{"@type":"ListItem","position":2,"name":"Prenotazione"}]}]}},"_links":{"self":[{"href":"https:\/\/corfuluxuryvillas.com\/it\/wp-json\/wp\/v2\/pages\/1104"}],"collection":[{"href":"https:\/\/corfuluxuryvillas.com\/it\/wp-json\/wp\/v2\/pages"}],"about":[{"href":"https:\/\/corfuluxuryvillas.com\/it\/wp-json\/wp\/v2\/types\/page"}],"author":[{"embeddable":true,"href":"https:\/\/corfuluxuryvillas.com\/it\/wp-json\/wp\/v2\/users\/4"}],"replies":[{"embeddable":true,"href":"https:\/\/corfuluxuryvillas.com\/it\/wp-json\/wp\/v2\/comments?post=1104"}],"version-history":[{"count":2,"href":"https:\/\/corfuluxuryvillas.com\/it\/wp-json\/wp\/v2\/pages\/1104\/revisions"}],"predecessor-version":[{"id":1459,"href":"https:\/\/corfuluxuryvillas.com\/it\/wp-json\/wp\/v2\/pages\/1104\/revisions\/1459"}],"wp:featuredmedia":[{"embeddable":true,"href":"https:\/\/corfuluxuryvillas.com\/it\/wp-json\/wp\/v2\/media\/1452"}],"wp:attachment":[{"href":"https:\/\/corfuluxuryvillas.com\/it\/wp-json\/wp\/v2\/media?parent=1104"}],"curies":[{"name":"wp","href":"https:\/\/api.w.org\/{rel}","templated":true}]}}